{"id":1104,"date":"2016-03-29T21:11:22","date_gmt":"2016-03-29T19:11:22","guid":{"rendered":"http:\/\/www.amisaintcolomban.org\/wordpress\/?page_id=1104"},"modified":"2017-05-09T11:55:30","modified_gmt":"2017-05-09T09:55:30","slug":"un-pelerin-sur-le-chemin-de-colomban","status":"publish","type":"page","link":"http:\/\/www.amisaintcolomban.org\/wordpress\/un-pelerin-sur-le-chemin-de-colomban\/","title":{"rendered":"Un p\u00e8lerin sur le chemin de Colomban"},"content":{"rendered":"<p>Le p\u00e8lerin Simon Derache a effectu\u00e9&#160;:<\/p>\n<ul style=\"list-style-type: disc;\">\n<li>En 2014 <a href=\"http:\/\/www.amisaintcolomban.org\/wordpress\/un-pelerin-sur-le-chemin-de-saint-colomban-en-2014\/\">le Chemin de saint Colomban<\/a><\/li>\n<\/ul>\n<p><img data-attachment-id=\"4831\" data-permalink=\"http:\/\/www.amisaintcolomban.org\/wordpress\/un-pelerin-sur-le-chemin-de-saint-colomban-en-2014\/chemin_derache_2014\/\" data-orig-file=\"http:\/\/www.amisaintcolomban.org\/wordpress\/wp-content\/uploads\/chemin_Derache_2014.jpg\" data-orig-size=\"603,540\" data-comments-opened=\"1\" data-image-meta=\"{&quot;aperture&quot;:&quot;0&quot;,&quot;credit&quot;:&quot;&quot;,&quot;camera&quot;:&quot;&quot;,&quot;caption&quot;:&quot;&quot;,&quot;created_timestamp&quot;:&quot;0&quot;,&quot;copyright&quot;:&quot;&quot;,&quot;focal_length&quot;:&quot;0&quot;,&quot;iso&quot;:&quot;0&quot;,&quot;shutter_speed&quot;:&quot;0&quot;,&quot;title&quot;:&quot;&quot;,&quot;orientation&quot;:&quot;1&quot;}\" data-image-title=\"chemin_Derache_2014\" data-image-description=\"\" data-image-caption=\"\" data-medium-file=\"http:\/\/www.amisaintcolomban.org\/wordpress\/wp-content\/uploads\/chemin_Derache_2014-300x269.jpg\" data-large-file=\"http:\/\/www.amisaintcolomban.org\/wordpress\/wp-content\/uploads\/chemin_Derache_2014.jpg\" loading=\"lazy\" class=\"size-medium wp-image-4831 aligncenter\" src=\"http:\/\/www.amisaintcolomban.org\/wordpress\/wp-content\/uploads\/chemin_Derache_2014-300x269.jpg\" alt=\"\" width=\"300\" height=\"269\" srcset=\"http:\/\/www.amisaintcolomban.org\/wordpress\/wp-content\/uploads\/chemin_Derache_2014-300x269.jpg 300w, http:\/\/www.amisaintcolomban.org\/wordpress\/wp-content\/uploads\/chemin_Derache_2014.jpg 603w\" sizes=\"(max-width: 300px) 100vw, 300px\" \/><\/p>\n<ul style=\"list-style-type: disc;\">\n<li>En 2016 <a href=\"http:\/\/www.amisaintcolomban.org\/wordpress\/un-pelerin-sur-le-chemin-de-lexil\/\">le Chemin de l&rsquo;Exil<\/a><\/li>\n<\/ul>\n<p><img data-attachment-id=\"1107\" data-permalink=\"http:\/\/www.amisaintcolomban.org\/wordpress\/presentation-du-chemin-de-saint-colomban\/chemin-exil-luxeuil-bobbio-s-derache-2016\/\" data-orig-file=\"http:\/\/www.amisaintcolomban.org\/wordpress\/wp-content\/uploads\/Chemin-exil-Luxeuil-Bobbio-S-Derache-2016-.jpg\" data-orig-size=\"1000,713\" data-comments-opened=\"1\" data-image-meta=\"{&quot;aperture&quot;:&quot;0&quot;,&quot;credit&quot;:&quot;&quot;,&quot;camera&quot;:&quot;&quot;,&quot;caption&quot;:&quot;&quot;,&quot;created_timestamp&quot;:&quot;0&quot;,&quot;copyright&quot;:&quot;&quot;,&quot;focal_length&quot;:&quot;0&quot;,&quot;iso&quot;:&quot;0&quot;,&quot;shutter_speed&quot;:&quot;0&quot;,&quot;title&quot;:&quot;&quot;,&quot;orientation&quot;:&quot;1&quot;}\" data-image-title=\"Chemin exil Luxeuil Bobbio S Derache 2016\" data-image-description=\"\" data-image-caption=\"\" data-medium-file=\"http:\/\/www.amisaintcolomban.org\/wordpress\/wp-content\/uploads\/Chemin-exil-Luxeuil-Bobbio-S-Derache-2016--300x214.jpg\" data-large-file=\"http:\/\/www.amisaintcolomban.org\/wordpress\/wp-content\/uploads\/Chemin-exil-Luxeuil-Bobbio-S-Derache-2016-.jpg\" loading=\"lazy\" class=\"size-medium wp-image-1107 aligncenter\" src=\"http:\/\/www.amisaintcolomban.org\/wordpress\/wp-content\/uploads\/Chemin-exil-Luxeuil-Bobbio-S-Derache-2016--300x214.jpg\" alt=\"Chemin de l'exil apr\u00e8s 610\" width=\"300\" height=\"214\" srcset=\"http:\/\/www.amisaintcolomban.org\/wordpress\/wp-content\/uploads\/Chemin-exil-Luxeuil-Bobbio-S-Derache-2016--300x214.jpg 300w, http:\/\/www.amisaintcolomban.org\/wordpress\/wp-content\/uploads\/Chemin-exil-Luxeuil-Bobbio-S-Derache-2016-.jpg 1000w\" sizes=\"(max-width: 300px) 100vw, 300px\" \/><\/p>\n<ul style=\"list-style-type: disc;\">\n<li>En 2017 <a href=\"http:\/\/www.amisaintcolomban.org\/wordpress\/un-pelerin-sur-le-trobreiz-en-2017\/\">le Trobreiz<\/a><\/li>\n<\/ul>\n<p><img data-attachment-id=\"4875\" data-permalink=\"http:\/\/www.amisaintcolomban.org\/wordpress\/un-pelerin-sur-le-chemin-de-colomban\/carte-tbcolombanien-poi\/\" data-orig-file=\"http:\/\/www.amisaintcolomban.org\/wordpress\/wp-content\/uploads\/carte-TBcolombanien-POI.jpg\" data-orig-size=\"720,540\" data-comments-opened=\"1\" data-image-meta=\"{&quot;aperture&quot;:&quot;0&quot;,&quot;credit&quot;:&quot;&quot;,&quot;camera&quot;:&quot;&quot;,&quot;caption&quot;:&quot;&quot;,&quot;created_timestamp&quot;:&quot;0&quot;,&quot;copyright&quot;:&quot;&quot;,&quot;focal_length&quot;:&quot;0&quot;,&quot;iso&quot;:&quot;0&quot;,&quot;shutter_speed&quot;:&quot;0&quot;,&quot;title&quot;:&quot;&quot;,&quot;orientation&quot;:&quot;0&quot;}\" data-image-title=\"carte-TBcolombanien-POI\" data-image-description=\"\" data-image-caption=\"\" data-medium-file=\"http:\/\/www.amisaintcolomban.org\/wordpress\/wp-content\/uploads\/carte-TBcolombanien-POI-300x225.jpg\" data-large-file=\"http:\/\/www.amisaintcolomban.org\/wordpress\/wp-content\/uploads\/carte-TBcolombanien-POI.jpg\" loading=\"lazy\" class=\"size-medium wp-image-4875 aligncenter\" src=\"http:\/\/www.amisaintcolomban.org\/wordpress\/wp-content\/uploads\/carte-TBcolombanien-POI-300x225.jpg\" alt=\"\" width=\"300\" height=\"225\" srcset=\"http:\/\/www.amisaintcolomban.org\/wordpress\/wp-content\/uploads\/carte-TBcolombanien-POI-300x225.jpg 300w, http:\/\/www.amisaintcolomban.org\/wordpress\/wp-content\/uploads\/carte-TBcolombanien-POI.jpg 720w\" sizes=\"(max-width: 300px) 100vw, 300px\" \/><\/p>\n","protected":false},"excerpt":{"rendered":"<p>Le p\u00e8lerin Simon Derache a effectu\u00e9&#160;: En 2014 le Chemin de saint Colomban En 2016 le Chemin de l&rsquo;Exil En 2017 le Trobreiz<\/p>\n","protected":false},"author":5,"featured_media":0,"parent":0,"menu_order":0,"comment_status":"closed","ping_status":"closed","template":"","meta":{"jetpack_post_was_ever_published":false},"jetpack_sharing_enabled":true,"jetpack_shortlink":"https:\/\/wp.me\/P5rJPU-hO","_links":{"self":[{"href":"http:\/\/www.amisaintcolomban.org\/wordpress\/wp-json\/wp\/v2\/pages\/1104"}],"collection":[{"href":"http:\/\/www.amisaintcolomban.org\/wordpress\/wp-json\/wp\/v2\/pages"}],"about":[{"href":"http:\/\/www.amisaintcolomban.org\/wordpress\/wp-json\/wp\/v2\/types\/page"}],"author":[{"embeddable":true,"href":"http:\/\/www.amisaintcolomban.org\/wordpress\/wp-json\/wp\/v2\/users\/5"}],"replies":[{"embeddable":true,"href":"http:\/\/www.amisaintcolomban.org\/wordpress\/wp-json\/wp\/v2\/comments?post=1104"}],"version-history":[{"count":4,"href":"http:\/\/www.amisaintcolomban.org\/wordpress\/wp-json\/wp\/v2\/pages\/1104\/revisions"}],"predecessor-version":[{"id":4876,"href":"http:\/\/www.amisaintcolomban.org\/wordpress\/wp-json\/wp\/v2\/pages\/1104\/revisions\/4876"}],"wp:attachment":[{"href":"http:\/\/www.amisaintcolomban.org\/wordpress\/wp-json\/wp\/v2\/media?parent=1104"}],"curies":[{"name":"wp","href":"https:\/\/api.w.org\/{rel}","templated":true}]}}