{"id":287,"date":"2014-08-26T18:41:16","date_gmt":"2014-08-26T17:41:16","guid":{"rendered":"http:\/\/www.amisaintcolomban.org\/wordpress\/?page_id=287"},"modified":"2017-05-03T09:47:36","modified_gmt":"2017-05-03T07:47:36","slug":"les-sermons-de-saint-colomban","status":"publish","type":"page","link":"http:\/\/www.amisaintcolomban.org\/wordpress\/le-chemin-de-saint-colomban\/les-sermons-de-saint-colomban\/","title":{"rendered":"Les Sermons de saint Colomban (extraits)"},"content":{"rendered":"<h3 style=\"text-align: justify;\">1. Il faut nous h\u00e2ter vers la patrie c\u00e9leste, terme de la vie pr\u00e9sente, (sermon n\u00b08).<\/h3>\n<p style=\"text-align: justify;\">(&#8230;) Appelons Dieu parce qu&rsquo;il est pr\u00e9sent \u00e0 chacun de nous, selon son m\u00e9rite, bien que nous ne puissions ni voir ni concevoir le Dieu Trinit\u00e9. Appelons-le, dis-je, d&rsquo;ici o\u00f9 nous sommes, entrons famili\u00e8rement chez lui, manifestons-nous \u00e0 lui, et disons-lui en chantant sur la route&#160;: \u00ab\u00a0Entra\u00eene nous \u00e0 ta suite \u00e0 l&rsquo;odeur de tes parfums\u00a0\u00bb (Cant 1, 4) et \u00ab\u00a0Mon \u00e2me s&rsquo;attache \u00e0 toi\u00a0\u00bb (Ps 62, 9) de mani\u00e8re \u00e0 traverser ce monde au milieu des cantiques (&#8230;). Occupons-nous des choses de Dieu, pour ne pas nous laisser prendre \u00e0 celles des hommes, et tels des p\u00e8lerins, soupirons vers la patrie et d\u00e9sirons-l\u00e0 sans cesse. C&rsquo;est le terme du voyage que souhaitent les voyageurs, et puisque nous sommes en ce monde des voyageurs et des p\u00e8lerins, songeons sans rel\u00e2che au terme de la route, qui est celui de notre vie. La fin de notre p\u00e8lerinage c&rsquo;est l&rsquo;entr\u00e9e dans la patrie. (&#8230;).Quand on a une telle patrie, on doit l&rsquo;aimer. Gardons solidement ancr\u00e9e en nous la certitude que notre vie n&rsquo;est qu&rsquo;un voyage. Nous ne sommes que des voyageurs, des p\u00e8lerins, les h\u00f4tes passagers de ce monde.<\/p>\n<p style=\"text-align: justify;\">Aussi, fuyant toute paresse et toute ti\u00e9deur, appliquons-nous \u00e0 plaire a l&rsquo;Omnipr\u00e9sent, afin de passer heureusement, la conscience en paix, dans la b\u00e9atitude \u00e9ternelle de notre P\u00e9re, du pr\u00e9sent \u00e0 l&rsquo;absent, de la tristesse \u00e0 la joie, du caduc \u00e0 l&rsquo;\u00e9ternel, du terrestre au c\u00e9leste, du pays de la mort \u00e0 celui des vivants, l\u00e0 o\u00f9 nous verrons face \u00e0 face le ciel et le roi des rois \u00e0 la t\u00e8te de son royaume, notre Seigneur J\u00e9sus Christ \u00e0 jamais dans la gloire&#160;! Amen.<\/p>\n<h3 style=\"text-align: justify;\">2. Que celui qui a soif vienne \u00e0 moi et qu&rsquo;il boive&#160;: Le Christ source de vie.<\/h3>\n<p style=\"text-align: justify;\">Fr\u00e8res bien-aim\u00e9s, pr\u00eatez l&rsquo;oreille \u00e0 mes paroles, comme \u00e0 quelque chose que vous avez besoin d&rsquo;entendre&#160;; et si votre \u00e2me a soif de la source divine dont je d\u00e9sire maintenant vous parler, attisez cette soif et ne l&rsquo;\u00e9teignez pas. Buvez, mais ne soyez pas rassasi\u00e9s. Car la source vivante nous appelle et la fontaine de vie nous dit&#160;: que celui qui a soif vienne \u00e0 moi et qu&rsquo;il boive. Boire quoi&#160;? Comprenez-le. Que le proph\u00e8te vous le dise, que la source elle m\u00eame vous le d\u00e9clare&#160;: ils m&rsquo;ont abandonn\u00e9, moi, la source de vie, dit le Seigneur. Le Seigneur lui-m\u00eame, J\u00e9sus Christ notre Dieu, est donc la source de vie, et c&rsquo;est pourquoi il nous invite pour que nous le buvions. Le boit celui qui l&rsquo;aime&#160;; le boit celui qui se rassasie de la Parole de Dieu, qui l&rsquo;aime et la d\u00e9sire assez vivement&#160;; le boit celui qui br\u00fble d&rsquo;amour pour la sagesse.<\/p>\n<p style=\"text-align: justify;\">Voyez d&rsquo;o\u00f9 jaillit cette source&#160;: elle vient du lieu d&rsquo;o\u00f9 est descendu le Pain&#160;; car le Pain et la source sont un&#160;: le Fils unique, notre Dieu, J\u00e9sus Christ le Seigneur, dont nous devons toujours avoir soif. M\u00eame si nous le mangeons et le d\u00e9vorons par notre amour, notre d\u00e9sir nous donne encore soif de lui. Comme l&rsquo;eau d&rsquo;une source, buvons-le sans cesse avec un immense amour, buvons-le avec toute notre avidit\u00e9, et d\u00e9lectons-nous de sa douce saveur. Car le Seigneur est doux et il est bon. Que nous le mangions ou que nous le buvions, nous aurons toujours faim et soif de lui, car il nous est une nourriture et une boisson \u00e0 jamais in\u00e9puisables. Lorsqu&rsquo;on le mange, il n&rsquo;est pas consomm\u00e9, lorsqu&rsquo;on le boit, il ne dispara\u00eet pas&#160;; car notre pain est \u00e9ternel, et perp\u00e9tuelle notre source, notre douce source. D&rsquo;o\u00f9 ce mot du proph\u00e8te&#160;: Vous qui avez soif, allez \u00e0 la source. Il est en effet la fontaine des assoiff\u00e9s et non celle des satisfaits. Les assoiff\u00e9s, qu&rsquo;ailleurs il d\u00e9clare bienheureux, il les invite&#160;: ceux qui n&rsquo;en ont jamais assez de boire, mais qui ont d&rsquo;autant plus soif qu&rsquo;ils ont bu.<\/p>\n<p style=\"text-align: justify;\">Fr\u00e8res, la source de la sagesse, la Parole de Dieu dans les deux, d\u00e9sirons-la, cherchons-la, aimons-l\u00e0 sans cesse&#160;: en elle sont cach\u00e9s, comme dit l&rsquo;ap\u00f4tre, tous les tr\u00e9sors de la sagesse et de la science&#160;; et elle invite ceux qui ont soif \u00e0 venir y puiser. Si tu as soif, bois \u00e0 la source de vie&#160;; si tu as faim, mange le Pain de vie. Heureux ceux qui ont faim de ce Pain et soif de cette source&#160;! Ils mangent et boivent sans cesse, et ils d\u00e9sirent encore boire et manger. Que c&rsquo;est bon, ce que l&rsquo;on peut manger ou boire toujours sans perdre ni soif ni app\u00e9tit, ce que l&rsquo;on peut continuellement go\u00fbter sans cesser de le d\u00e9sirer&#160;! Le roi proph\u00e8te le dit&#160;: Gouttez et voyez comme est bon le Seigneur.<\/p>\n<h3>3. Du jugement dernier (sermon n\u00b09).<\/h3>\n<p style=\"text-align: justify;\">Parlons encore de la fin, tr\u00e8s chers fr\u00e8res. La fin de notre voyage, avons-nous dit, c&rsquo;est notre patrie. (&#8230;). Fais de terre, passant peu de temps sur elle pour rentrer bient\u00f4t en elle, cette m\u00eame terre, sur l&rsquo;ordre de Dieu, nous fera na\u00eetre une seconde fois \u00e0 la fin des temps, pour \u00eatre \u00e9prouv\u00e9s par le feu, afin que le feu br\u00fble en quelque sorte la terre et la boue, et montre en ce m\u00e9lange une fois liqu\u00e9fi\u00e9 ce qu&rsquo;il aura contenu d&rsquo;or ou d&rsquo;argent ou d&rsquo;autre m\u00e9tal pr\u00e9cieux. (&#8230;Aussi) rien ne peut nous \u00eatre plus utile, au cours de cette vie dont nous ignorons le terme, que de nous examiner chaque jour attentivement. Passons au crible nos paroles et nos pens\u00e9es, et dans la crainte, le m\u00e9pris des plaisirs du monde, songeons sans cesse au but de ce chemin de la vie dont nous avons parl\u00e9 pr\u00e9c\u00e9demment. Nous voyons la vie, mais en fait nous ne voyons qu&rsquo;une ombre, une image fuyante et trompeuse. (&#8230;) Pensons toujours \u00e0 la vraie vie, qui est l&rsquo;\u00e9ternelle, et qui, apr\u00e8s la mort, rendra les justes immortels. Vois la succession des choses&#160;: la vie avant la mort, apr\u00e8s la mort la vie. (&#8230;).<\/p>\n<h3>4. Vigilance et attente du Seigneur, (sermon n\u00b012).<\/h3>\n<p style=\"text-align: justify;\">(&#8230;) Oui, demandons instamment au bon Dieu, par l&rsquo;interm\u00e9diaire de son Fils J\u00e9sus Christ, qu&rsquo;il daigne nous inspirer son amour, de telle sorte qu&rsquo;il nous unisse \u00e9troitement \u00e0 lui, \u00e0 jamais. (&#8230;) Puisse-t-il m&rsquo;arracher moi aussi, bien que son vil serviteur, au sommeil de l&rsquo;inertie, m&#8217;embraser du feu de sa charit\u00e9 plus ardent que celui des astres, afin que ce feu divin br\u00fble \u00e0 jamais en moi. Que ne suis-je le bois qui nourrirait ce feu sans interruption, qui l&rsquo;entretiendrait sans qu&rsquo;il puisse jamais s&rsquo;\u00e9teindre. Fasse le Ciel que je sois tel par mes m\u00e9rites, afin que ma lampe brille la nuit dans le temple de mon Seigneur, et \u00e9claire tous ceux qui entrent dans la maison de mon Dieu.&#160;! Donne moi, Seigneur, (&#8230;) cette charit\u00e9 in\u00e9branlable, pour que brille sans jamais s&rsquo;\u00e9teindre ma lumi\u00e8re, qu&rsquo;elle br\u00fble pour moi et \u00e9claire les autres.<\/p>\n<h3>5. Le\u00e7ons-vari\u00e9es de vie spirituelle, (sermon n\u00b014).<\/h3>\n<p style=\"text-align: justify;\">(&#8230;) Sois donc courageux dans les tribulations, pacifique dans la discorde, lent \u00e0 la col\u00e8re, prompt \u00e0 apprendre, lent aussi \u00e0 parler et prompt \u00e0 \u00e9couter. Actif pour le progr\u00e8s, insensible \u00e0 la vengeance, prudent dans le langage, prompt dans l&rsquo;action. Aimable avec les honn\u00eates gens, rude avec ceux qui ne le sont pas, doux pour les faibles, dur pour les sots, droit avec les superbes, humble avec les pauvres, sobre et chaste partout, toujours pudique, patient jusqu&rsquo;au z\u00e8le, jamais avare, toujours g\u00e9n\u00e9reux sinon en argent au moins en esprit. Abordables dans les je\u00fbnes, inabordable dans les veilles. Discret dans les emplois, opini\u00e2tre dans l&rsquo;\u00e9tude, constant (malgr\u00e9) le bruit, joyeux dans la tristesse. Audacieux pour d\u00e9fendre la v\u00e9rit\u00e9, r\u00e9serv\u00e9 dans les discussions, plein d&rsquo;\u00e9gards pour les bons, intraitable pour les m\u00e9chants, doux dans la lib\u00e9ralit\u00e9, infatigable dans la charit\u00e9, juste en toutes choses, indulgent pour ceux qui en sont dignes, pitoyable aux pauvres. (&#8230;) Rivalisant avec le parfaits, sans jalouser les meilleurs que toi ni souffrir de ceux qui te pr\u00e9c\u00e8dent, ni critiquer les retardataires.<\/p>\n<h3>6. De la ferveur pour servir Dieu, (sermon n\u00b015).<\/h3>\n<p style=\"text-align: justify;\">(&#8230;) Il faut aller de l&rsquo;avent, oubliant comme l&rsquo;ap\u00f4tre le chemin que nous avons derri\u00e8re nous (Phi 3,13) et disant au Seigneur \u00ab\u00a0Entra\u00eene-nous \u00e0 ta suite, nous courrons ensemble \u00e0 l&rsquo;odeur de tes parfums\u00a0\u00bb (Cant 1, 3). En fait, par nous-m\u00eames nous ne pouvons atteindre le chemin de la v\u00e9rit\u00e9, ni m\u00eame y marcher. Nous devons donc en demander la gr\u00e2ce pr\u00e9venante en disant Entra\u00eene nous \u00e0 ta suite, pour que nous courions vers toi. Il est dit d&rsquo;abord justement&#160;: \u00ab\u00a0Entra\u00eene\u00a0\u00bb, et ensuite&#160;: \u00ab\u00a0nous courrons\u00a0\u00bb, car si la gr\u00e2ce de Dieu ne nous pr\u00e9vient pas, nous ne sommes pas capables de nous mettre \u00e0 l&rsquo;\u0153uvre, ni de l&rsquo;achever si cette m\u00eame gr\u00e2ce ne nous accompagne pas (&#8230;). Le mot \u00ab\u00a0courrons\u00a0\u00bb est bien choisi, car sur le chemin de Dieu il ne faut pas marcher d&rsquo;un pas lent, mais courir avec joie et entrain.(&#8230;) Il court en v\u00e9rit\u00e9 celui (&#8230;) qui ne se lasse pas de faire des bonnes \u0153uvres. (&#8230;) M\u00e9ditons donc avec empressement les exemples des Saints qui nous ont pr\u00e9c\u00e9d\u00e9s. Courons, et n&rsquo;abandonnons pas l&rsquo;\u0153uvre \u00e0 laquelle nous avons mis la main, jusqu&rsquo;\u00e0 pouvoir dire avec l&rsquo;ap\u00f4tre&#160;: \u00ab\u00a0j&rsquo;ai combattu, je suis au bout de ma course, j&rsquo;ai gard\u00e9 la foi (2Tim 7, 8).<\/p>\n<h3>7. Des huit principaux vices, (sermon n\u00b017).<\/h3>\n<p style=\"text-align: justify;\">(&#8230;) On vient \u00e0 bout de la col\u00e8re par la patience et la douceur, de la tristesse par la joie spirituelle et l&rsquo;esp\u00e9rance de la b\u00e9atitude \u00e0 venir.(&#8230;).<\/p>\n<h3>8. De la Sainte Trinit\u00e9 (sermon n\u00b0l).<\/h3>\n<p style=\"text-align: justify;\">(&#8230;) Dieu est donc partout, dans son immensit\u00e9 et sa totalit\u00e9, et partout proche, selon ce qu&rsquo;il dit de lui-m\u00eame&#160;: \u00ab\u00a0Ne suis-je Dieu que de pr\u00e8s&#160;? Ne le suis-je pas aussi de loin&#160;?\u00a0\u00bb (J\u00e9r 23, 23). Nous n&rsquo;avons donc pas \u00e0 chercher Dieu loin de nous, puisque nous pouvons l&rsquo;avoir en nous. En effet, il habite en nous comme l&rsquo;\u00e2me dans notre corps (&#8230;) Oui, il habite en nous celui qui a dit&#160;: \u00ab\u00a0J&rsquo;habiterai et je circulerai au milieu d&rsquo;eux\u00a0\u00bb (2 Cor 6, 16 et Lev26, 11-12). Si nous sommes dignes qu&rsquo;il habite en nous, alors en v\u00e9rit\u00e9, nous sommes par lui vivifi\u00e9s, et en quelques mani\u00e8res ses membres vivants, \u00ab\u00a0car c&rsquo;est en lui que nous avons la vie, le mouvement et l&rsquo;\u00eatre\u00a0\u00bb (Act 17, 28).<\/p>\n<p>&nbsp;<\/p>\n<address>Extraits des sermons de Saint Colomban par le p\u00e8re Axel Isabey. Traduct\u00econ du P\u00e9re Sanguini \u00e0 partir de Migne\u00a0\/ P\u00e8re Jean Thi\u00e9baud, Saint Colomban, Instructions, Lettres et Po\u00e8mes, L\u2019Harmattan \u00e9dition, 2000<\/address>\n","protected":false},"excerpt":{"rendered":"<p>1. Il faut nous h\u00e2ter vers la patrie c\u00e9leste, terme de la vie pr\u00e9sente, (sermon n\u00b08). (&#8230;) Appelons Dieu parce qu&rsquo;il est pr\u00e9sent \u00e0 chacun de nous, selon son m\u00e9rite, bien que nous ne puissions ni voir ni concevoir le&hellip; <\/p>\n","protected":false},"author":2,"featured_media":0,"parent":44,"menu_order":0,"comment_status":"open","ping_status":"open","template":"","meta":{"jetpack_post_was_ever_published":false},"jetpack_sharing_enabled":true,"jetpack_shortlink":"https:\/\/wp.me\/P5rJPU-4D","_links":{"self":[{"href":"http:\/\/www.amisaintcolomban.org\/wordpress\/wp-json\/wp\/v2\/pages\/287"}],"collection":[{"href":"http:\/\/www.amisaintcolomban.org\/wordpress\/wp-json\/wp\/v2\/pages"}],"about":[{"href":"http:\/\/www.amisaintcolomban.org\/wordpress\/wp-json\/wp\/v2\/types\/page"}],"author":[{"embeddable":true,"href":"http:\/\/www.amisaintcolomban.org\/wordpress\/wp-json\/wp\/v2\/users\/2"}],"replies":[{"embeddable":true,"href":"http:\/\/www.amisaintcolomban.org\/wordpress\/wp-json\/wp\/v2\/comments?post=287"}],"version-history":[{"count":4,"href":"http:\/\/www.amisaintcolomban.org\/wordpress\/wp-json\/wp\/v2\/pages\/287\/revisions"}],"predecessor-version":[{"id":4691,"href":"http:\/\/www.amisaintcolomban.org\/wordpress\/wp-json\/wp\/v2\/pages\/287\/revisions\/4691"}],"up":[{"embeddable":true,"href":"http:\/\/www.amisaintcolomban.org\/wordpress\/wp-json\/wp\/v2\/pages\/44"}],"wp:attachment":[{"href":"http:\/\/www.amisaintcolomban.org\/wordpress\/wp-json\/wp\/v2\/media?parent=287"}],"curies":[{"name":"wp","href":"https:\/\/api.w.org\/{rel}","templated":true}]}}