{"id":434,"date":"2014-09-05T08:38:30","date_gmt":"2014-09-05T07:38:30","guid":{"rendered":"http:\/\/www.amisaintcolomban.org\/wordpress\/?page_id=434"},"modified":"2017-05-03T15:23:01","modified_gmt":"2017-05-03T13:23:01","slug":"luxeuil","status":"publish","type":"page","link":"http:\/\/www.amisaintcolomban.org\/wordpress\/luxeuil\/","title":{"rendered":"Luxeuil"},"content":{"rendered":"<h3>Le premier monast\u00e8re<\/h3>\n<p style=\"text-align: justify;\">Pour l\u2019essentiel, le premier monast\u00e8re s\u2019est install\u00e9 dans les ruines du castrum romain abandonn\u00e9 apr\u00e8s le IIIe si\u00e8cle suite aux invasions. La premi\u00e8re \u00e9glise fut construite sur les ruines d\u2019un temple d\u00e9di\u00e9 \u00e0 la d\u00e9esse Diane, les habitations des moines furent construites autour de cette \u00e9glise.<br \/>\nLes sondages arch\u00e9ologiques de 2006-2007\u00a0et la fouille programm\u00e9e de 2008 devront corroborer ou infirmer les hypoth\u00e8ses des historiens.<\/p>\n<p style=\"text-align: justify;\">Ces constructions probablement en pierres de r\u00e9emploi des \u00e9difices romains devaient respecter le mode de vie des moines irlandais avec un lieu de culte comprenant plusieurs \u00e9difices, entour\u00e9 des cellules des moines le tout cl\u00f4tur\u00e9 et d\u2019acc\u00e8s r\u00e9serv\u00e9 aux moines uniquement.<\/p>\n <div id='featured-img-id'><img src='http:\/\/www.amisaintcolomban.org\/wordpress\/wp-content\/uploads\/BC2a.jpg' \/><\/div>\n<p style=\"text-align: justify;\">Nous n\u2019avons pas de repr\u00e9sentation du monast\u00e8re d\u2019origine et il faut attendre le XVIIe si\u00e8cle pour voir la premi\u00e8re reproduction du monast\u00e8re par Dom Bucelin qui reproduisit assez fid\u00e8lement l\u2019ensemble abbatiale en 1665 (ci-dessus)<\/p>\n<p style=\"text-align: justify;\">Le docteur Gilles Cugnier dans son ouvrage \u00ab\u00a0L\u2019histoire du monast\u00e8re de Luxeuil \u00e0 travers ses abb\u00e9s\u00a0\u00bb en 3 tomes a r\u00e9alis\u00e9 une synth\u00e8se des diff\u00e9rentes hypoth\u00e8ses d\u2019implantation du premier monast\u00e8re \u00e9mises par les historiens au cours des si\u00e8cles. Ce r\u00e9sum\u00e9 en ligne, de l\u2019histoire des b\u00e2timents conventuels ne peut reprendre toutes les informations contenues et d\u00e9taill\u00e9es dans le tome 1 (vendu par l\u2019association).<\/p>\n","protected":false},"excerpt":{"rendered":"<p>Le premier monast\u00e8re Pour l\u2019essentiel, le premier monast\u00e8re s\u2019est install\u00e9 dans les ruines du castrum romain abandonn\u00e9 apr\u00e8s le IIIe si\u00e8cle suite aux invasions. La premi\u00e8re \u00e9glise fut construite sur les ruines d\u2019un temple d\u00e9di\u00e9 \u00e0 la d\u00e9esse Diane, les&hellip; <\/p>\n","protected":false},"author":2,"featured_media":441,"parent":0,"menu_order":0,"comment_status":"closed","ping_status":"open","template":"","meta":{"jetpack_post_was_ever_published":false},"jetpack_sharing_enabled":true,"jetpack_shortlink":"https:\/\/wp.me\/P5rJPU-70","_links":{"self":[{"href":"http:\/\/www.amisaintcolomban.org\/wordpress\/wp-json\/wp\/v2\/pages\/434"}],"collection":[{"href":"http:\/\/www.amisaintcolomban.org\/wordpress\/wp-json\/wp\/v2\/pages"}],"about":[{"href":"http:\/\/www.amisaintcolomban.org\/wordpress\/wp-json\/wp\/v2\/types\/page"}],"author":[{"embeddable":true,"href":"http:\/\/www.amisaintcolomban.org\/wordpress\/wp-json\/wp\/v2\/users\/2"}],"replies":[{"embeddable":true,"href":"http:\/\/www.amisaintcolomban.org\/wordpress\/wp-json\/wp\/v2\/comments?post=434"}],"version-history":[{"count":4,"href":"http:\/\/www.amisaintcolomban.org\/wordpress\/wp-json\/wp\/v2\/pages\/434\/revisions"}],"predecessor-version":[{"id":4688,"href":"http:\/\/www.amisaintcolomban.org\/wordpress\/wp-json\/wp\/v2\/pages\/434\/revisions\/4688"}],"wp:featuredmedia":[{"embeddable":true,"href":"http:\/\/www.amisaintcolomban.org\/wordpress\/wp-json\/wp\/v2\/media\/441"}],"wp:attachment":[{"href":"http:\/\/www.amisaintcolomban.org\/wordpress\/wp-json\/wp\/v2\/media?parent=434"}],"curies":[{"name":"wp","href":"https:\/\/api.w.org\/{rel}","templated":true}]}}