{"id":755,"date":"2015-01-19T14:24:38","date_gmt":"2015-01-19T13:24:38","guid":{"rendered":"http:\/\/www.amisaintcolomban.org\/wordpress\/?page_id=755"},"modified":"2015-02-04T08:48:07","modified_gmt":"2015-02-04T07:48:07","slug":"annee-2010","status":"publish","type":"page","link":"http:\/\/www.amisaintcolomban.org\/wordpress\/annee-2010\/","title":{"rendered":"Ann\u00e9e 2010"},"content":{"rendered":"<h3>20 et 21 f\u00e9vrier 2010&#160;: Foire aux livres de l&rsquo;abbaye<\/h3>\n<p>C&rsquo;est devenu le rendez vous incontournable des amateurs de livres anciens, romans &#8230;.Son succ\u00e8s se confirme toujours un peu plus chaque ann\u00e9e. <a title=\"Foire aux Livres 2010 : les photos\" href=\"http:\/\/www.amisaintcolomban.org\/wordpress\/foire-aux-livres-2010-les-photos\/\">Voir les photos<\/a>.<\/p>\n<h3>25 avril 2010&#160;: voyage \u00e0 Remiremont, un des premiers sites monastiques colombaniens.<\/h3>\n<p>Un groupe de 45 Amis ont particip\u00e9 au voyage, ce fut un grand succ\u00e8s.<br \/>\nLe programme \u00e9tait charg\u00e9 car le patrimoine romarimontain est tr\u00e8s riche. <a title=\"Voyage \u00e0 Remiremont\" href=\"http:\/\/www.amisaintcolomban.org\/wordpress\/821\/\">Voir les photos<\/a><\/p>\n<h3>1 mai 2010&#160;: r\u00e9union de travail des associations colombaniennes pour le Chemin de Saint Colomban<\/h3>\n<div style=\"width: 903px\" class=\"wp-caption alignnone\"><img loading=\"lazy\" class=\"\" src=\"http:\/\/www.amisaintcolomban.net\/attachments\/Image\/actua_2010\/st_valbert_2010a.jpg\" alt=\"\" width=\"893\" height=\"753\" \/><p class=\"wp-caption-text\">Les Amis bretons de Colomban visitant la grotte de Saint Valbert<\/p><\/div>\n<p>Comme le 1er mai 2009 les associations des Amis Bretons de Colomban, San Colombano per Europa et les Amis de Saint Colomban de Luxeuil se sont retrouv\u00e9es pour d\u00e9finir une charte du Chemin de Saint Colomban.<br \/>\nQuatre Amis Bretons avec \u00e0 leur t\u00eate leur P\u00e9sident Guy Andr\u00e9 et Mauro Steffennini accompagn\u00e9 d&rsquo;Ernesto de San Colombano al lambro (Milan) sont rest\u00e9s le lendemain pour participer \u00e0 la f\u00eate de Saint Valbert.<br \/>\nRendez vous pris pour le prochaine r\u00e9union le 1 mai 2011 \u00e0 Saint Coulomb.<\/p>\n<h3>2 mai 2010&#160;: f\u00eate de Saint Valbert<\/h3>\n<p>L&rsquo;unit\u00e9 paroissiale Saint Colomban de Luxeuil en collaboration avec la paroisse du village de Saint-Valbert a voulu renouer avec une tradition qui s&rsquo;\u00e9tait perdue au cours des ann\u00e9es \u00e9coul\u00e9es.<br \/>\nQuelques b\u00e9n\u00e9voles des Amis ont pr\u00e9par\u00e9 une exposition sur les 18 paroisses Saint-Valbert en Franche-Comt\u00e9, Lorraine, Champagne et Jura Suisse.<br \/>\nDes contacts furent pris entre diff\u00e9rentes municipalit\u00e9s de ces paroisses pour poursuivre cette tradition. <a title=\"2 mai 2010 : f\u00eate \u00e0 Saint-Valbert\" href=\"http:\/\/www.amisaintcolomban.org\/wordpress\/2-mai-2010-fete-a-saint-valbert\/\">Voir les photos<\/a><\/p>\n<h3>8 mai 2010&#160;: journ\u00e9e Don de soi avec le Lions Club de Lure-Luxeuil et les Amis de Saint Colomban.<\/h3>\n<p>Cette journ\u00e9e est devenue un moment de travail, de rencontre et de convivialit\u00e9 indissociable du calendrier des deux associations.<br \/>\nCette ann\u00e9e l&rsquo;objectif \u00e9tait de d\u00e9gager la broussaille aux abords du terrain situ\u00e9 \u00e0 l&rsquo;entr\u00e9e du site. Cette partie de la propri\u00e9t\u00e9 doit subir un nettoyage avec des pelleteuses comme ce fut le cas du terrain en contrebas en 2009. Nous b\u00e9n\u00e9ficierons d&rsquo;aides financi\u00e8res de la communaut\u00e9 de communes des 1000 \u00e9tangs dans le cadre de la reconqu\u00eate d&rsquo;espaces paysagers comme en 2009. <a title=\"8 mai 2010 : journ\u00e9e \u00ab\u00a0don de soi\u00a0\u00bb \u00e0 la grotte de Sainte-Marie\" href=\"http:\/\/www.amisaintcolomban.org\/wordpress\/8-mai-2010-journee-don-de-soi-a-la-grotte-de-sainte-marie\/\">Voir les photos<\/a><\/p>\n<h3>23 juin 2010&#160;: la paroisse de Luxeuil et l&rsquo;abbaye Saint Colomban accueillaient les P\u00e8res missionnaires de Saint Colomban<\/h3>\n<div style=\"width: 1034px\" class=\"wp-caption alignnone\"><img loading=\"lazy\" class=\"\" src=\"http:\/\/www.amisaintcolomban.net\/attachments\/Image\/actua_2010\/P__res_colombaniens_10_(61).jpg\" alt=\"\" width=\"1024\" height=\"768\" \/><p class=\"wp-caption-text\">Photo de famille devant la Basilique<\/p><\/div>\n<p>Comme tous les ans, quelques P\u00e8res missionnaires participent au p\u00e8lerinage qui les am\u00e8nera \u00e0 Rome en faisant \u00e9tape \u00e0 Luxeuil, Bregenz et Bobbio. Cette ann\u00e9e Mgr. Andr\u00e9 Lacrampe, archev\u00eaque de Besan\u00e7on, c\u00e9l\u00e9bra la messe.<\/p>\n<h3>26 et 27 juin 2010&#160;: la f\u00eate Saint Colomban \u00e0 Bangor (Irlande)<\/h3>\n<p>Seulement quatre Amis de Luxeuil s&rsquo;\u00e9taient joints aux 25 Amis Bretons de Colomban (organisateur d&rsquo;un tr\u00e9s beau voyage) pour assister aux f\u00eates 2010 \u00e0 Bangor le samedi 26 juin puis \u00e0 Armagh le dimanche 27 juin.<br \/>\nC&rsquo;\u00e9tait une premi\u00e8re pour nos Amis irlandais, la manifestation \u00e9tait organis\u00e9e sur deux journ\u00e9es&#160;: le samedi \u00e0 Bangor si\u00e8ge du monast\u00e8re o\u00f9 Colomban fut form\u00e9 \u00e0 la vie monastique et le dimanche \u00e0 Armagh si\u00e8ge des archidioc\u00e8ses d&rsquo;Irlande.<\/p>\n<p>Le s\u00e9jour en Irlande se poursuivit par la visite de la c\u00f4te ouest de ce beau pays. Nos amis bretons sont devenus de v\u00e9ritables sp\u00e9cialistes sur les pas de de Saint Colomban et l&rsquo;organisation de ce voyage le confirme.\u00a0<a title=\"26-27 juin 2010 : F\u00eate de Saint Colomban \u00e0 Bangor\" href=\"http:\/\/www.amisaintcolomban.org\/wordpress\/26-27-juin-2010-fete-de-saint-colomban-a-bangor\/\">Voir les photos<\/a><\/p>\n<h3>11 juillet 2010<\/h3>\n<p>Les Amis de Saint Colomban se sont retrouv\u00e9s \u00e0 Annegray pour la messe organis\u00e9e par l&rsquo;Unit\u00e9 pastorale de la vall\u00e9e du Breuchin.<\/p>\n<p>Ensuite, une partie d&rsquo;entre eux se sont rendus \u00e0 la grotte de Sainte-Marie en Chanois pour le pique nique traditionnel de la mi juillet.<\/p>\n<h3>29 et 30 juillet 2010<\/h3>\n<p>Les Amis de Saint Colomban ont accueilli des paroissiens protestants et catholiques de Leutkirch (Bad Wurtemberg, Allemagne). Ils sont venus d\u00e9couvrir les sites colombaniens et l&rsquo;abbaye. Saint Colomban est honor\u00e9 dans leur commune par la pr\u00e9sence d&rsquo;une chapelle construite en 2000 est d\u00e9di\u00e9 aux Saints Gall, Colomban, Magnus (patron de la Bavi\u00e8re toute proche). Ce lieu de culte oecum\u00e9nique est accessible depuis une aire de repos de l&rsquo;autoroute Munich Bregenz. <a title=\"Nos amis allemands de Leutkirch\" href=\"http:\/\/www.amisaintcolomban.org\/wordpress\/nos-amis-allemands-de-leutkirch\/\">Voir les photos<\/a><\/p>\n<h3>13 ao\u00fbt 2010<\/h3>\n<p>La ville de Bregenz (Autriche) organise un Jubil\u00e9 Colomban Gall en 2010 pour c\u00e9l\u00e9brer l&rsquo;arriv\u00e9e, il y a 1400 ans, des deux saints irlandais dans leur cit\u00e9. Dans le cadre de ces manifestations 2010, le comit\u00e9 d&rsquo;organisation, pr\u00e9sid\u00e9 par la Dr D\u00f6rler, organise un voyage \u00e0 Luxeuil-les-Bains. Ils seront 29 participants \u00e0 d\u00e9couvrir l&rsquo;Abbaye de Luxeuil, les fouilles arch\u00e9ologiques, et Annegray guid\u00e9s par Philippe Kahn.<br \/>\n25 Amis de Luxeuil et de Saint Coulomb se rendront la 17 octobre 2010 \u00e0 Bregenz pour une importante f\u00eate Saint Colomban Saint Gall. <a title=\"Les paroissiens de Bregenz \u00e0 Luxeuil\" href=\"http:\/\/www.amisaintcolomban.org\/wordpress\/les-paroissiens-de-bregenz-a-luxeuil\/\">Voir les photos<\/a><\/p>\n<h3>18 Septembre&#160;:\u00a0Table ronde \u00ab\u00a0Aux origines du monachisme colombanien\u00a0\u00bb<\/h3>\n<p>Comme en 2009, cette manifestation internationale, organis\u00e9e sous la pr\u00e9sidence de Jean Coste, fut un grand succ\u00e8s avec plus de 160 personnes qui ont \u00e9cout\u00e9 les quatre conf\u00e9renciers.<\/p>\n<p>Parmi un public venant de Nancy, Rennes, Luxembourg, Dijon&#8230; Luxeuil et sa r\u00e9gion, Monsieur Michel Raison maire de Luxeuil-les-Bains, a pris part au d\u00e9bat pour nous tenir inform\u00e9s de l&rsquo;\u00e9volution du chantier arch\u00e9ologique de la place de la R\u00e9publique.<br \/>\nCette manifestation, dont l&rsquo;entr\u00e9e est gratuite, a \u00e9t\u00e9 financ\u00e9e enti\u00e8rement par la fondation Gilles et Monique Cugnier.<\/p>\n<p>\u00c0\u00a0noter que la salle du chapitre venait d&rsquo;\u00eatre enti\u00e8rement r\u00e9nov\u00e9e gr\u00e2ce \u00e0 l&rsquo;aide financi\u00e8re de la Fondation Gilles et Monique Cugnier.\u00a0<a title=\"Table ronde 2010\" href=\"http:\/\/www.amisaintcolomban.org\/wordpress\/table-ronde-2010\/\">Voir article<\/a><\/p>\n","protected":false},"excerpt":{"rendered":"<p>20 et 21 f\u00e9vrier 2010&#160;: Foire aux livres de l&rsquo;abbaye C&rsquo;est devenu le rendez vous incontournable des amateurs de livres anciens, romans &#8230;.Son succ\u00e8s se confirme toujours un peu plus chaque ann\u00e9e. Voir les photos. 25 avril 2010&#160;: voyage \u00e0&hellip; <\/p>\n","protected":false},"author":2,"featured_media":0,"parent":0,"menu_order":0,"comment_status":"closed","ping_status":"open","template":"","meta":{"jetpack_post_was_ever_published":false},"jetpack_sharing_enabled":true,"jetpack_shortlink":"https:\/\/wp.me\/P5rJPU-cb","_links":{"self":[{"href":"http:\/\/www.amisaintcolomban.org\/wordpress\/wp-json\/wp\/v2\/pages\/755"}],"collection":[{"href":"http:\/\/www.amisaintcolomban.org\/wordpress\/wp-json\/wp\/v2\/pages"}],"about":[{"href":"http:\/\/www.amisaintcolomban.org\/wordpress\/wp-json\/wp\/v2\/types\/page"}],"author":[{"embeddable":true,"href":"http:\/\/www.amisaintcolomban.org\/wordpress\/wp-json\/wp\/v2\/users\/2"}],"replies":[{"embeddable":true,"href":"http:\/\/www.amisaintcolomban.org\/wordpress\/wp-json\/wp\/v2\/comments?post=755"}],"version-history":[{"count":3,"href":"http:\/\/www.amisaintcolomban.org\/wordpress\/wp-json\/wp\/v2\/pages\/755\/revisions"}],"predecessor-version":[{"id":879,"href":"http:\/\/www.amisaintcolomban.org\/wordpress\/wp-json\/wp\/v2\/pages\/755\/revisions\/879"}],"wp:attachment":[{"href":"http:\/\/www.amisaintcolomban.org\/wordpress\/wp-json\/wp\/v2\/media?parent=755"}],"curies":[{"name":"wp","href":"https:\/\/api.w.org\/{rel}","templated":true}]}}