{"id":2,"date":"2014-07-31T13:51:06","date_gmt":"2014-07-31T13:51:06","guid":{"rendered":"http:\/\/www.amisaintcolomban.org\/wordpress\/?page_id=2"},"modified":"2017-05-03T09:39:42","modified_gmt":"2017-05-03T07:39:42","slug":"page-d-exemple","status":"publish","type":"page","link":"https:\/\/www.amisaintcolomban.org\/wordpress\/page-d-exemple\/","title":{"rendered":"Bienvenue&#160;!"},"content":{"rendered":"<p style=\"color: #292929; text-align: justify;\"><a href=\"http:\/\/www.amisaintcolomban.org\/wordpress\/wp-content\/uploads\/logo_transparent.png\"><img data-attachment-id=\"411\" data-permalink=\"https:\/\/www.amisaintcolomban.org\/wordpress\/page-d-exemple\/logo_transparent\/\" data-orig-file=\"https:\/\/www.amisaintcolomban.org\/wordpress\/wp-content\/uploads\/logo_transparent.png\" data-orig-size=\"805,599\" data-comments-opened=\"1\" data-image-meta=\"{&quot;aperture&quot;:&quot;0&quot;,&quot;credit&quot;:&quot;&quot;,&quot;camera&quot;:&quot;&quot;,&quot;caption&quot;:&quot;&quot;,&quot;created_timestamp&quot;:&quot;0&quot;,&quot;copyright&quot;:&quot;&quot;,&quot;focal_length&quot;:&quot;0&quot;,&quot;iso&quot;:&quot;0&quot;,&quot;shutter_speed&quot;:&quot;0&quot;,&quot;title&quot;:&quot;&quot;}\" data-image-title=\"logo_transparent\" data-image-description=\"\" data-image-caption=\"\" data-medium-file=\"https:\/\/www.amisaintcolomban.org\/wordpress\/wp-content\/uploads\/logo_transparent-300x223.png\" data-large-file=\"https:\/\/www.amisaintcolomban.org\/wordpress\/wp-content\/uploads\/logo_transparent.png\" loading=\"lazy\" class=\"alignleft wp-image-411 size-medium\" src=\"http:\/\/www.amisaintcolomban.org\/wordpress\/wp-content\/uploads\/logo_transparent-300x223.png\" alt=\"logo_transparent\" width=\"300\" height=\"223\" srcset=\"https:\/\/www.amisaintcolomban.org\/wordpress\/wp-content\/uploads\/logo_transparent-300x223.png 300w, https:\/\/www.amisaintcolomban.org\/wordpress\/wp-content\/uploads\/logo_transparent.png 805w\" sizes=\"(max-width: 300px) 100vw, 300px\" \/><\/a>L\u2019association des Amis de saint Colomban \u0153uvre depuis 1948, dans le cadre du b\u00e9n\u00e9volat, \u00e0 la sauvegarde et la valorisation du patrimoine colombanien. Elle a en charge l\u2019entretien, l\u2019embellissement et la promotion des sites colombaniens&#160;: la butte d\u2019<em>Annegray\u00a0<\/em>et la grotte de saint Colomban \u00e0\u00a0<em>Sainte-Marie-en-Chanois\u00a0<\/em>(sites dont elle est propri\u00e9taire) et l\u2019ermitage de\u00a0<em>saint Valbert\u00a0<\/em>(propri\u00e9t\u00e9 du dioc\u00e8se de Besan\u00e7on).<\/p>\n<p style=\"color: #292929; text-align: justify;\">Son action culturelle est valoris\u00e9e, chaque ann\u00e9e \u00e0 Luxeuil, avec les\u00a0<em>Tables rondes europ\u00e9ennes du patrimoine colombanien<\/em>, mais aussi par sa participation \u00e0 diverses activit\u00e9s, en France et en Europe, li\u00e9es au monachisme luxovien et \u00e0 l\u2019\u0153uvre de saint Colomban.<\/p>\n<p style=\"color: #292929; text-align: justify;\">L\u2019association veille aussi \u00e0 pr\u00e9server et faire conna\u00eetre l\u2019h\u00e9ritage spirituel et historique de saint Colomban et de ses successeurs.<\/p>\n<p style=\"color: #292929; text-align: justify;\">Notre association ne re\u00e7oit aucune subvention publique&#160;: elle ne vit que par les cotisations de ses adh\u00e9rents et l\u2019organisation de manifestations culturelles en lien avec le monachisme luxovien.<\/p>\n<p style=\"color: #292929; text-align: justify;\">Le cap des 470 adh\u00e9rents a \u00e9t\u00e9 franchi fi n d\u00e9cembre 2013, mais il y a encore de la place pour accueillir de nouveaux Amis&#160;: alors, rejoignez-nous dans une ambiance amicale et constructive&#160;!<\/p>\n<p style=\"color: #292929;\"><a style=\"color: #000000;\" href=\"http:\/\/www.amisaintcolomban.org\/wordpress\/wp-content\/uploads\/2014\/08\/Bulletin-internet-2014.pdf\" target=\"_blank\" rel=\"noopener noreferrer\">Imprimer le bulletin d\u2019adh\u00e9sion<\/a><\/p>\n","protected":false},"excerpt":{"rendered":"<p>L\u2019association des Amis de saint Colomban \u0153uvre depuis 1948, dans le cadre du b\u00e9n\u00e9volat, \u00e0 la sauvegarde et la valorisation du patrimoine colombanien. Elle a en charge l\u2019entretien, l\u2019embellissement et la promotion des sites colombaniens&#160;: la butte d\u2019Annegray\u00a0et la grotte&hellip; <\/p>\n","protected":false},"author":1,"featured_media":0,"parent":0,"menu_order":0,"comment_status":"closed","ping_status":"closed","template":"","meta":{"jetpack_post_was_ever_published":false},"jetpack_sharing_enabled":true,"jetpack_shortlink":"https:\/\/wp.me\/P5rJPU-2","_links":{"self":[{"href":"https:\/\/www.amisaintcolomban.org\/wordpress\/wp-json\/wp\/v2\/pages\/2"}],"collection":[{"href":"https:\/\/www.amisaintcolomban.org\/wordpress\/wp-json\/wp\/v2\/pages"}],"about":[{"href":"https:\/\/www.amisaintcolomban.org\/wordpress\/wp-json\/wp\/v2\/types\/page"}],"author":[{"embeddable":true,"href":"https:\/\/www.amisaintcolomban.org\/wordpress\/wp-json\/wp\/v2\/users\/1"}],"replies":[{"embeddable":true,"href":"https:\/\/www.amisaintcolomban.org\/wordpress\/wp-json\/wp\/v2\/comments?post=2"}],"version-history":[{"count":3,"href":"https:\/\/www.amisaintcolomban.org\/wordpress\/wp-json\/wp\/v2\/pages\/2\/revisions"}],"predecessor-version":[{"id":4684,"href":"https:\/\/www.amisaintcolomban.org\/wordpress\/wp-json\/wp\/v2\/pages\/2\/revisions\/4684"}],"wp:attachment":[{"href":"https:\/\/www.amisaintcolomban.org\/wordpress\/wp-json\/wp\/v2\/media?parent=2"}],"curies":[{"name":"wp","href":"https:\/\/api.w.org\/{rel}","templated":true}]}}