{"id":311,"date":"2014-08-27T20:57:16","date_gmt":"2014-08-27T19:57:16","guid":{"rendered":"http:\/\/www.amisaintcolomban.org\/wordpress\/?page_id=311"},"modified":"2017-05-03T09:49:57","modified_gmt":"2017-05-03T07:49:57","slug":"premieres-fondations-autour-de-luxeuil","status":"publish","type":"page","link":"https:\/\/www.amisaintcolomban.org\/wordpress\/le-chemin-de-saint-colomban\/premieres-fondations-autour-de-luxeuil\/","title":{"rendered":"Premi\u00e8res fondations autour de Luxeuil"},"content":{"rendered":"<p><a href=\"http:\/\/www.amisaintcolomban.org\/wordpress\/wp-content\/uploads\/plan_sites.jpg\"><img data-attachment-id=\"312\" data-permalink=\"https:\/\/www.amisaintcolomban.org\/wordpress\/le-chemin-de-saint-colomban\/premieres-fondations-autour-de-luxeuil\/plan_sites\/\" data-orig-file=\"https:\/\/www.amisaintcolomban.org\/wordpress\/wp-content\/uploads\/plan_sites-e1409493634819.jpg\" data-orig-size=\"960,480\" data-comments-opened=\"1\" data-image-meta=\"{&quot;aperture&quot;:&quot;0&quot;,&quot;credit&quot;:&quot;&quot;,&quot;camera&quot;:&quot;&quot;,&quot;caption&quot;:&quot;&quot;,&quot;created_timestamp&quot;:&quot;0&quot;,&quot;copyright&quot;:&quot;&quot;,&quot;focal_length&quot;:&quot;0&quot;,&quot;iso&quot;:&quot;0&quot;,&quot;shutter_speed&quot;:&quot;0&quot;,&quot;title&quot;:&quot;&quot;}\" data-image-title=\"plan_sites\" data-image-description=\"\" data-image-caption=\"\" data-medium-file=\"https:\/\/www.amisaintcolomban.org\/wordpress\/wp-content\/uploads\/plan_sites-e1409493634819-300x150.jpg\" data-large-file=\"https:\/\/www.amisaintcolomban.org\/wordpress\/wp-content\/uploads\/plan_sites-e1409493634819.jpg\" loading=\"lazy\" class=\"alignnone wp-image-312 size-full\" src=\"http:\/\/www.amisaintcolomban.org\/wordpress\/wp-content\/uploads\/plan_sites-e1409493634819.jpg\" alt=\"plan_sites\" width=\"960\" height=\"480\" srcset=\"https:\/\/www.amisaintcolomban.org\/wordpress\/wp-content\/uploads\/plan_sites-e1409493634819.jpg 960w, https:\/\/www.amisaintcolomban.org\/wordpress\/wp-content\/uploads\/plan_sites-e1409493634819-300x150.jpg 300w\" sizes=\"(max-width: 960px) 100vw, 960px\" \/><\/a><\/p>\n<div class=\"textwidget\" style=\"color: #292929;\">\n<p style=\"color: #808080; text-align: justify;\">Au cours des quelques vingt ann\u00e9es (v.590 \u00e0 610) pass\u00e9es au pied des Vosges, Colomban fonde trois monast\u00e8res pour r\u00e9pondre \u00e0 un afflux croissant de postulants&#160;: Annegray , Luxeuil et Fontaine. Implant\u00e9s dans une zone-fronti\u00e8re entre Austrasie et Burgondie, en des sites dot\u00e9s d\u2019eau, de terre fertile et de mat\u00e9riaux de construction (bois mais aussi pierres recyclables d\u2019\u00e9difices gallo-romains), les trois \u00e9tablissements que dirige simultan\u00e9ment Colomban nous \u00e9chappent en bonne partie quant \u00e0 l\u2019effectif des religieux (Jonas cite seulement soixante moines travaillant la terre \u00e0 Fontaine) et \u00e0 leur organisation mat\u00e9rielle. Ob\u00e9issance et discr\u00e9tion, pri\u00e8re constante (collective et individuelle), puret\u00e9 parfaite et travail manuel (d\u00e9pr\u00e9ci\u00e9 par l\u2019esclavage antique) caract\u00e9risent la vie des moines venus se placer sous la houlette de Colomban.<\/p>\n<\/div>\n","protected":false},"excerpt":{"rendered":"<p>Au cours des quelques vingt ann\u00e9es (v.590 \u00e0 610) pass\u00e9es au pied des Vosges, Colomban fonde trois monast\u00e8res pour r\u00e9pondre \u00e0 un afflux croissant de postulants&#160;: Annegray , Luxeuil et Fontaine. Implant\u00e9s dans une zone-fronti\u00e8re entre Austrasie et Burgondie, en&hellip; <\/p>\n","protected":false},"author":2,"featured_media":0,"parent":44,"menu_order":0,"comment_status":"open","ping_status":"open","template":"","meta":{"jetpack_post_was_ever_published":false},"jetpack_sharing_enabled":true,"jetpack_shortlink":"https:\/\/wp.me\/P5rJPU-51","_links":{"self":[{"href":"https:\/\/www.amisaintcolomban.org\/wordpress\/wp-json\/wp\/v2\/pages\/311"}],"collection":[{"href":"https:\/\/www.amisaintcolomban.org\/wordpress\/wp-json\/wp\/v2\/pages"}],"about":[{"href":"https:\/\/www.amisaintcolomban.org\/wordpress\/wp-json\/wp\/v2\/types\/page"}],"author":[{"embeddable":true,"href":"https:\/\/www.amisaintcolomban.org\/wordpress\/wp-json\/wp\/v2\/users\/2"}],"replies":[{"embeddable":true,"href":"https:\/\/www.amisaintcolomban.org\/wordpress\/wp-json\/wp\/v2\/comments?post=311"}],"version-history":[{"count":4,"href":"https:\/\/www.amisaintcolomban.org\/wordpress\/wp-json\/wp\/v2\/pages\/311\/revisions"}],"predecessor-version":[{"id":4693,"href":"https:\/\/www.amisaintcolomban.org\/wordpress\/wp-json\/wp\/v2\/pages\/311\/revisions\/4693"}],"up":[{"embeddable":true,"href":"https:\/\/www.amisaintcolomban.org\/wordpress\/wp-json\/wp\/v2\/pages\/44"}],"wp:attachment":[{"href":"https:\/\/www.amisaintcolomban.org\/wordpress\/wp-json\/wp\/v2\/media?parent=311"}],"curies":[{"name":"wp","href":"https:\/\/api.w.org\/{rel}","templated":true}]}}