{"id":387,"date":"2014-08-31T15:13:21","date_gmt":"2014-08-31T14:13:21","guid":{"rendered":"http:\/\/www.amisaintcolomban.org\/wordpress\/?page_id=387"},"modified":"2017-05-03T14:47:04","modified_gmt":"2017-05-03T12:47:04","slug":"387-2","status":"publish","type":"page","link":"https:\/\/www.amisaintcolomban.org\/wordpress\/387-2\/","title":{"rendered":"Le prieur\u00e9 d&rsquo;Annegray"},"content":{"rendered":"<blockquote>\n<p style=\"text-align: justify;\"><span style=\"font-style: italic; color: #292929;\">Colomban et ses 12 compagnons, remontant la vall\u00e9e de la Moselle, parviennent sans difficult\u00e9s \u00e0 ce promontoire, en forme de butte ovalaire \u00e0 pentes assez rapides. Ils sont impressionn\u00e9s par le paysage charmant qu\u2019ils d\u00e9couvrent et qui n\u2019est pas sans leur rappeler certaines vall\u00e9es de leur Irlande natale, comme celle de Glendalough dans le Leinster. Ils en prennent possession et s\u2019y installent en Haute Sa\u00f4ne, situ\u00e9e \u00e0 16 kilom\u00e8tres \u00e0 l\u2019est de Luxeuil.<\/span><\/p>\n<\/blockquote>\n<p><img data-attachment-id=\"390\" data-permalink=\"https:\/\/www.amisaintcolomban.org\/wordpress\/387-2\/butte_annegray\/\" data-orig-file=\"https:\/\/www.amisaintcolomban.org\/wordpress\/wp-content\/uploads\/butte_annegray-e1409577870621.jpg\" data-orig-size=\"1343,997\" data-comments-opened=\"1\" data-image-meta=\"{&quot;aperture&quot;:&quot;0&quot;,&quot;credit&quot;:&quot;&quot;,&quot;camera&quot;:&quot;&quot;,&quot;caption&quot;:&quot;&quot;,&quot;created_timestamp&quot;:&quot;0&quot;,&quot;copyright&quot;:&quot;&quot;,&quot;focal_length&quot;:&quot;0&quot;,&quot;iso&quot;:&quot;0&quot;,&quot;shutter_speed&quot;:&quot;0&quot;,&quot;title&quot;:&quot;&quot;}\" data-image-title=\"butte_annegray\" data-image-description=\"\" data-image-caption=\"\" data-medium-file=\"https:\/\/www.amisaintcolomban.org\/wordpress\/wp-content\/uploads\/butte_annegray-e1409577870621-300x222.jpg\" data-large-file=\"https:\/\/www.amisaintcolomban.org\/wordpress\/wp-content\/uploads\/butte_annegray-e1409577870621-1024x760.jpg\" loading=\"lazy\" class=\"alignleft wp-image-390 size-medium\" src=\"http:\/\/www.amisaintcolomban.org\/wordpress\/wp-content\/uploads\/butte_annegray-e1409577870621-300x222.jpg\" alt=\"butte_annegray\" width=\"300\" height=\"222\" srcset=\"https:\/\/www.amisaintcolomban.org\/wordpress\/wp-content\/uploads\/butte_annegray-e1409577870621-300x222.jpg 300w, https:\/\/www.amisaintcolomban.org\/wordpress\/wp-content\/uploads\/butte_annegray-e1409577870621-1024x760.jpg 1024w, https:\/\/www.amisaintcolomban.org\/wordpress\/wp-content\/uploads\/butte_annegray-e1409577870621.jpg 1343w\" sizes=\"(max-width: 300px) 100vw, 300px\" \/><\/p>\n<p style=\"text-align: justify;\">Colomban n\u2019abandonna pas pour autant sa premi\u00e8re cellule et partageant son temps entre ses trois fondations. Il revenait souvent \u00e0 Annegray et \u00e0 son ermitage tout proche ( la grotte de Sainte-Marie en Chanois<\/p>\n","protected":false},"excerpt":{"rendered":"<p>Colomban et ses 12 compagnons, remontant la vall\u00e9e de la Moselle, parviennent sans difficult\u00e9s \u00e0 ce promontoire, en forme de butte ovalaire \u00e0 pentes assez rapides. Ils sont impressionn\u00e9s par le paysage charmant qu\u2019ils d\u00e9couvrent et qui n\u2019est pas sans&hellip; <\/p>\n","protected":false},"author":2,"featured_media":0,"parent":0,"menu_order":0,"comment_status":"closed","ping_status":"open","template":"","meta":{"jetpack_post_was_ever_published":false},"jetpack_sharing_enabled":true,"jetpack_shortlink":"https:\/\/wp.me\/P5rJPU-6f","_links":{"self":[{"href":"https:\/\/www.amisaintcolomban.org\/wordpress\/wp-json\/wp\/v2\/pages\/387"}],"collection":[{"href":"https:\/\/www.amisaintcolomban.org\/wordpress\/wp-json\/wp\/v2\/pages"}],"about":[{"href":"https:\/\/www.amisaintcolomban.org\/wordpress\/wp-json\/wp\/v2\/types\/page"}],"author":[{"embeddable":true,"href":"https:\/\/www.amisaintcolomban.org\/wordpress\/wp-json\/wp\/v2\/users\/2"}],"replies":[{"embeddable":true,"href":"https:\/\/www.amisaintcolomban.org\/wordpress\/wp-json\/wp\/v2\/comments?post=387"}],"version-history":[{"count":4,"href":"https:\/\/www.amisaintcolomban.org\/wordpress\/wp-json\/wp\/v2\/pages\/387\/revisions"}],"predecessor-version":[{"id":4687,"href":"https:\/\/www.amisaintcolomban.org\/wordpress\/wp-json\/wp\/v2\/pages\/387\/revisions\/4687"}],"wp:attachment":[{"href":"https:\/\/www.amisaintcolomban.org\/wordpress\/wp-json\/wp\/v2\/media?parent=387"}],"curies":[{"name":"wp","href":"https:\/\/api.w.org\/{rel}","templated":true}]}}