{"id":44,"date":"2014-08-08T16:23:45","date_gmt":"2014-08-08T15:23:45","guid":{"rendered":"http:\/\/www.amisaintcolomban.org\/wordpress\/?page_id=44"},"modified":"2014-11-23T14:48:39","modified_gmt":"2014-11-23T13:48:39","slug":"le-chemin-de-saint-colomban","status":"publish","type":"page","link":"https:\/\/www.amisaintcolomban.org\/wordpress\/le-chemin-de-saint-colomban\/","title":{"rendered":"Saint Colomban"},"content":{"rendered":"<div class=\"wpe-col wpe-col-13-23 wpe-col-active\">\n<div class=\"wpe-col-remove\"><\/div>\n<div class=\"wpe-col wpe-col-13-23\">\n<div class=\"wpe-col-1\">\n<h3 style=\"text-align: left;\">P\u00e8re fondateur de l&rsquo;Europe<\/h3>\n<p><img data-attachment-id=\"280\" data-permalink=\"https:\/\/www.amisaintcolomban.org\/wordpress\/le-chemin-de-saint-colomban\/programme_table_ronde_2014internet\/\" data-orig-file=\"https:\/\/www.amisaintcolomban.org\/wordpress\/wp-content\/uploads\/Programme_Table_Ronde_2014internet.jpg\" data-orig-size=\"1200,627\" data-comments-opened=\"1\" data-image-meta=\"{&quot;aperture&quot;:&quot;0&quot;,&quot;credit&quot;:&quot;&quot;,&quot;camera&quot;:&quot;&quot;,&quot;caption&quot;:&quot;&quot;,&quot;created_timestamp&quot;:&quot;0&quot;,&quot;copyright&quot;:&quot;&quot;,&quot;focal_length&quot;:&quot;0&quot;,&quot;iso&quot;:&quot;0&quot;,&quot;shutter_speed&quot;:&quot;0&quot;,&quot;title&quot;:&quot;&quot;}\" data-image-title=\"Programme_Table_Ronde_2014internet\" data-image-description=\"\" data-image-caption=\"\" data-medium-file=\"https:\/\/www.amisaintcolomban.org\/wordpress\/wp-content\/uploads\/Programme_Table_Ronde_2014internet-300x156.jpg\" data-large-file=\"https:\/\/www.amisaintcolomban.org\/wordpress\/wp-content\/uploads\/Programme_Table_Ronde_2014internet-1024x535.jpg\" loading=\"lazy\" class=\"alignleft wp-image-280 \" src=\"http:\/\/www.amisaintcolomban.org\/wordpress\/wp-content\/uploads\/Programme_Table_Ronde_2014internet-300x156.jpg\" alt=\"Programme_Table_Ronde_2014internet\" width=\"202\" height=\"105\" srcset=\"https:\/\/www.amisaintcolomban.org\/wordpress\/wp-content\/uploads\/Programme_Table_Ronde_2014internet-300x156.jpg 300w, https:\/\/www.amisaintcolomban.org\/wordpress\/wp-content\/uploads\/Programme_Table_Ronde_2014internet-1024x535.jpg 1024w, https:\/\/www.amisaintcolomban.org\/wordpress\/wp-content\/uploads\/Programme_Table_Ronde_2014internet.jpg 1200w\" sizes=\"(max-width: 202px) 100vw, 202px\" \/>Le p\u00e9riple europ\u00e9en de saint Colomban, de l\u2019Irlande jusqu\u2019\u00e0 l\u2019Italie, est jalonn\u00e9 de fondations monastiques \u00e0 la fin du VIe\u00a0si\u00e8cle et au d\u00e9but du VIIe\u00a0si\u00e8cle. La biographie du moine irlandais et l\u2019approche historique de son \u0153uvre t\u00e9moignent de la rencontre, parfois difficile mais toujours f\u00e9conde, de cultures diverses du haut Moyen \u00c2ge.<\/p>\n<h3>\u00a0Citoyen du monde<\/h3>\n<ul>\n<li style=\"text-align: left;\"><span style=\"background-color: #ffffff;\">par les influences re\u00e7ues et transmises dans sa R\u00e8gle, \u00a0celle des saints P\u00e2come, Cassien et Beno\u00eet de Nursie(8)<\/span><\/li>\n<li style=\"text-align: left;\"><span style=\"background-color: #ffffff;\">par l\u2019\u00e9tendue des<\/span>\u00a0territoires parcourus<\/li>\n<li style=\"text-align: left;\"><span style=\"background-color: #ffffff;\">P<\/span><span style=\"background-color: #ffffff;\">lus encore, par l\u2019importance de l\u2019essaimage colombanien qui, par-del\u00e0 la mort du saint irlandais, provoque l\u2019\u00e9closion de plus de quarante monast\u00e8res (9) en Europe\u00a0occidentale<\/span><\/li>\n<li style=\"text-align: left;\"><span style=\"background-color: rgba(204, 204, 204, 0.0980392);\">Par l&rsquo;\u00e9l\u00e9vation d\u2019esprit du saint, dont t\u00e9moigne la quatri\u00e8me lettre \u00e9crite \u00e0 Nantes en 610, o\u00f9 figure la c\u00e9l\u00e8bre devise&#160;:\u00a0<\/span><em>Si tollis libertatem, tollis dignitatem<\/em><span style=\"background-color: rgba(204, 204, 204, 0.0980392);\">\u00a0(Si tu enl\u00e8ves la libert\u00e9, tu \u00f4tes la dignit\u00e9)<\/span><\/li>\n<\/ul>\n<div align=\"justify\"><\/div>\n<\/div>\n<div class=\"wpe-col-2\">\n<h3>Marcheur de Dieu<\/h3>\n<div align=\"justify\">N\u00e9 vers 540 dans le comt\u00e9 de Leinster en Irlande, form\u00e9 \u00e0 la vie c\u00e9nobitique principalement dans le monast\u00e8re r\u00e9cemment fond\u00e9 de Bangor (banlieue actuelle de Belfast), Colomban, bien que dot\u00e9 d\u2019une formation classique, est d\u00e9finitivement impr\u00e9gn\u00e9 de la culture et de la spiritualit\u00e9 ga\u00e9liques de son \u00eele, que les Romains eux-m\u00eames ne parvinrent jamais \u00e0 conqu\u00e9rir.<\/div>\n<p align=\"justify\">De l\u00e0 viennent assur\u00e9ment son attachement visc\u00e9ral \u00e0 la <em>peregrinatio pro Christo<\/em>, \u00e0 l\u2019alternance des p\u00e9riodes de vie c\u00e9nobitique et \u00e9r\u00e9mitique, \u00e0 l\u2019importance du travail manuel, de l\u2019asc\u00e8se et de la p\u00e9nitence, mais aussi son ind\u00e9pendance envers l\u2019\u00e9piscopat et sa fid\u00e9lit\u00e9 ind\u00e9fectible \u00e0 la date de P\u00e2ques insulaire, voire \u00e0 la forme de la tonsure monastique&#160;!<\/p>\n<div id=\"attachment_305\" style=\"width: 429px\" class=\"wp-caption aligncenter\"><a href=\"http:\/\/www.amisaintcolomban.org\/wordpress\/wp-content\/uploads\/chasse_montage.png\"><img aria-describedby=\"caption-attachment-305\" data-attachment-id=\"305\" data-permalink=\"https:\/\/www.amisaintcolomban.org\/wordpress\/le-chemin-de-saint-colomban\/chasse_montage\/\" data-orig-file=\"https:\/\/www.amisaintcolomban.org\/wordpress\/wp-content\/uploads\/chasse_montage.png\" data-orig-size=\"724,356\" data-comments-opened=\"1\" data-image-meta=\"{&quot;aperture&quot;:&quot;0&quot;,&quot;credit&quot;:&quot;&quot;,&quot;camera&quot;:&quot;&quot;,&quot;caption&quot;:&quot;&quot;,&quot;created_timestamp&quot;:&quot;0&quot;,&quot;copyright&quot;:&quot;&quot;,&quot;focal_length&quot;:&quot;0&quot;,&quot;iso&quot;:&quot;0&quot;,&quot;shutter_speed&quot;:&quot;0&quot;,&quot;title&quot;:&quot;&quot;}\" data-image-title=\"chasse_montage\" data-image-description=\"\" data-image-caption=\"\" data-medium-file=\"https:\/\/www.amisaintcolomban.org\/wordpress\/wp-content\/uploads\/chasse_montage-300x147.png\" data-large-file=\"https:\/\/www.amisaintcolomban.org\/wordpress\/wp-content\/uploads\/chasse_montage.png\" loading=\"lazy\" class=\"wp-image-305\" src=\"http:\/\/www.amisaintcolomban.org\/wordpress\/wp-content\/uploads\/chasse_montage.png\" alt=\"chasse_montage\" width=\"419\" height=\"206\" srcset=\"https:\/\/www.amisaintcolomban.org\/wordpress\/wp-content\/uploads\/chasse_montage.png 724w, https:\/\/www.amisaintcolomban.org\/wordpress\/wp-content\/uploads\/chasse_montage-300x147.png 300w\" sizes=\"(max-width: 419px) 100vw, 419px\" \/><\/a><p id=\"caption-attachment-305\" class=\"wp-caption-text\">Aux quatre angles de la Ch\u00e2sse de saint Colomban,&#160;: le travail manuel, l&rsquo;\u00e9tude, la pri\u00e8re, l&rsquo;enseignement<\/p><\/div>\n<p align=\"justify\">Le succ\u00e8s rapide de sa mission \u00e9vang\u00e9lique sur le continent, commenc\u00e9e dans les ann\u00e9es 580 avec une douzaine de moines irlandais, manifeste une certaine aptitude \u00e0 l\u2019acculturation (que d\u00e9montre sa ma\u00eetrise de la langue latine), mais t\u00e9moigne aussi de r\u00e9elles qualit\u00e9s humaines et spirituelles qui transparaissent dans la vie fraternelle de la communaut\u00e9, dans le talent oratoire de son abb\u00e9 mais aussi dans le souci permanent d\u2019accueillir ceux qui, riches ou pauvres, sont \u00e0 la recherche de soins m\u00e9dicaux ou de nourriture, de travail ou de protection, d\u2019instruction ou du sens de leur vie.<\/p>\n<div align=\"justify\">Moine et proph\u00e8te, solitaire ou pr\u00e9dicateur, Colomban ne craint pas les conflits lorsque sa conception de l\u2019exigence \u00e9vang\u00e9lique est mise en cause&#160;: rejetant toute \u00ab\u00a0langue de bois\u00a0\u00bb, il se heurte alors durement aux dirigeants religieux et politiques de la Gaule, particuli\u00e8rement au roi Thierry de Bourgogne et \u00e0 sa grand-m\u00e8re, la reine Brunehaut. Condamn\u00e9s \u00e0 l\u2019exil en 610, Colomban et ses vieux compagnons irlandais entreprennent alors un p\u00e9riple de plus de deux ann\u00e9es \u00e0 travers les pays actuels que sont la France (travers\u00e9e de Luxeuil \u00e0 Nantes puis de Nantes \u00e0 Metz), l\u2019Allemagne, la Suisse, l\u2019Autriche et l\u2019Italie, lieu de la derni\u00e8re fondation, Bobbio, o\u00f9 Colomban ach\u00e8ve son p\u00e8lerinage terrestre en 615.<\/div>\n<div align=\"justify\"><\/div>\n<address style=\"text-align: right;\">Philippe Kahn, historien,<br \/>\nvice-pr\u00e9sident de l&rsquo;association des Amis de Saint Colomban<\/address>\n<\/div>\n<\/div>\n<\/div>\n<address>\u00a0<\/address>\n<address>\u00a0<\/address>\n","protected":false},"excerpt":{"rendered":"<p>P\u00e8re fondateur de l&rsquo;Europe Le p\u00e9riple europ\u00e9en de saint Colomban, de l\u2019Irlande jusqu\u2019\u00e0 l\u2019Italie, est jalonn\u00e9 de fondations monastiques \u00e0 la fin du VIe\u00a0si\u00e8cle et au d\u00e9but du VIIe\u00a0si\u00e8cle. La biographie du moine irlandais et l\u2019approche historique de son \u0153uvre&hellip; <\/p>\n","protected":false},"author":2,"featured_media":0,"parent":0,"menu_order":0,"comment_status":"open","ping_status":"open","template":"","meta":{"jetpack_post_was_ever_published":false},"jetpack_sharing_enabled":true,"jetpack_shortlink":"https:\/\/wp.me\/P5rJPU-I","_links":{"self":[{"href":"https:\/\/www.amisaintcolomban.org\/wordpress\/wp-json\/wp\/v2\/pages\/44"}],"collection":[{"href":"https:\/\/www.amisaintcolomban.org\/wordpress\/wp-json\/wp\/v2\/pages"}],"about":[{"href":"https:\/\/www.amisaintcolomban.org\/wordpress\/wp-json\/wp\/v2\/types\/page"}],"author":[{"embeddable":true,"href":"https:\/\/www.amisaintcolomban.org\/wordpress\/wp-json\/wp\/v2\/users\/2"}],"replies":[{"embeddable":true,"href":"https:\/\/www.amisaintcolomban.org\/wordpress\/wp-json\/wp\/v2\/comments?post=44"}],"version-history":[{"count":5,"href":"https:\/\/www.amisaintcolomban.org\/wordpress\/wp-json\/wp\/v2\/pages\/44\/revisions"}],"predecessor-version":[{"id":620,"href":"https:\/\/www.amisaintcolomban.org\/wordpress\/wp-json\/wp\/v2\/pages\/44\/revisions\/620"}],"wp:attachment":[{"href":"https:\/\/www.amisaintcolomban.org\/wordpress\/wp-json\/wp\/v2\/media?parent=44"}],"curies":[{"name":"wp","href":"https:\/\/api.w.org\/{rel}","templated":true}]}}