{"id":4571,"date":"2017-04-28T11:46:14","date_gmt":"2017-04-28T09:46:14","guid":{"rendered":"http:\/\/www.amisaintcolomban.org\/wordpress\/?page_id=4571"},"modified":"2017-04-28T11:46:14","modified_gmt":"2017-04-28T09:46:14","slug":"histoire-de-lassociation","status":"publish","type":"page","link":"https:\/\/www.amisaintcolomban.org\/wordpress\/histoire-de-lassociation\/","title":{"rendered":"Histoire de l&rsquo;association"},"content":{"rendered":"<ul style=\"list-style-type: square;\">\n<li style=\"text-align: justify;\">\u00a0<strong>1948<\/strong>&#160;: Cr\u00e9ation de l\u2019association \u00ab Les Amis de Saint Colomban \u00bb par le Chanoine Henri Thi\u00e8baut, l\u2019Abb\u00e9 Arthur Kobler, l\u2019Abb\u00e9 James O\u2019Caroll, le journaliste Yves Dornier et le Docteur Gilles Cugnier. Son but initial \u00e9tait de maintenir la d\u00e9votion envers le fondateur de Luxeuil et de mieux faire conna\u00eetre son \u00e9pop\u00e9e et celle de ses disciples.<\/li>\n<li style=\"text-align: justify;\">\u00a0<strong>1950<\/strong>&#160;: C\u00e9r\u00e9monies du 14i\u00e8me centenaire de la naissance de Colomban r\u00e9unissant le Pr\u00e9sident de la r\u00e9publique d\u2019Irlande, le ministre des affaires \u00e9trang\u00e8res d\u2019Irlande, le ministre des affaires \u00e9trang\u00e8res de France (Robert Schuman) \u2026<\/li>\n<li style=\"text-align: justify;\"><strong>1958<\/strong>&#160;: L\u2019association se porta acqu\u00e9reur des terrains des sites colombaniens d\u2019Annegray et Sainte-Marie en Chanois.<\/li>\n<li style=\"text-align: justify;\"><strong>1990<\/strong>&#160;: Le XIVe centenaire de la fondation du monast\u00e8re de Luxeuil f\u00fbt marqu\u00e9 par diverses manifestations religieuses et culturelles.<\/li>\n<li style=\"text-align: justify;\"><strong>2003<\/strong>&#160;: Cr\u00e9ation du \u00ab Lieu de m\u00e9moire \u00bb \u00e0 l\u2019Abbaye rassemblant tous les souvenirs se rapportant au monast\u00e8re r\u00e9cup\u00e9r\u00e9s au fil des ans par Gilles Cugnier. Cette salle porte son nom.<\/li>\n<li style=\"text-align: justify;\"><strong>2008<\/strong>&#160;: L\u2019association La Route de l\u2019Europe chr\u00e9tienne et l\u2019association des Amis de saint Colomban s\u2019associent pour cr\u00e9er le projet du Chemin europ\u00e9en de saint Colomban.<\/li>\n<li style=\"text-align: justify;\"><strong>2008-2012<\/strong>&#160;: Regroupement des diff\u00e9rentes associations colombaniennes en Europe&#160;:<\/li>\n<\/ul>\n<pre> - Friends of Columbanus, Bangor (Royaume-Uni)\r\n - Friends of St Columban, Dublin (Irlande)\r\n - Les Amis Bretons de saint Colomban, Saint-Coulomb (France)\r\n - Les Amis de saint Colomban, Luxeuil-les-Bains (France)\r\n - Di Amici San Colombano per Europa, San Colombano al Lambro (Italie)\r\n - Di Amici di San Colombano, Bobbio (Italie)<\/pre>\n<ul style=\"list-style-type: square;\">\n<li style=\"text-align: justify;\"><strong>2014<\/strong>&#160;: Cr\u00e9ation de l\u2019association europ\u00e9enne par les villes de Bangor, Luxeuil et Bobbio&#160;: Il Cammino di San Colombano \u00bb.<\/li>\n<li style=\"text-align: justify;\"><strong>2014<\/strong> et <strong>2016<\/strong>&#160;: Identification et num\u00e9risation du Chemin europ\u00e9en de saint Colomban par un marcheur aguerri.<\/li>\n<li style=\"text-align: justify;\"><strong>2016<\/strong>&#160;: D\u00e9p\u00f4t de candidature aupr\u00e8s de l\u2019Institut des Itin\u00e9raires Culturels Europ\u00e9ens \u00e0 Luxembourg.<\/li>\n<\/ul>\n<p>&nbsp;<\/p>\n","protected":false},"excerpt":{"rendered":"<p>\u00a01948&#160;: Cr\u00e9ation de l\u2019association \u00ab Les Amis de Saint Colomban \u00bb par le Chanoine Henri Thi\u00e8baut, l\u2019Abb\u00e9 Arthur Kobler, l\u2019Abb\u00e9 James O\u2019Caroll, le journaliste Yves Dornier et le Docteur Gilles Cugnier. Son but initial \u00e9tait de maintenir la d\u00e9votion envers&hellip; <\/p>\n","protected":false},"author":6,"featured_media":0,"parent":0,"menu_order":0,"comment_status":"closed","ping_status":"closed","template":"","meta":{"jetpack_post_was_ever_published":false},"jetpack_sharing_enabled":true,"jetpack_shortlink":"https:\/\/wp.me\/P5rJPU-1bJ","_links":{"self":[{"href":"https:\/\/www.amisaintcolomban.org\/wordpress\/wp-json\/wp\/v2\/pages\/4571"}],"collection":[{"href":"https:\/\/www.amisaintcolomban.org\/wordpress\/wp-json\/wp\/v2\/pages"}],"about":[{"href":"https:\/\/www.amisaintcolomban.org\/wordpress\/wp-json\/wp\/v2\/types\/page"}],"author":[{"embeddable":true,"href":"https:\/\/www.amisaintcolomban.org\/wordpress\/wp-json\/wp\/v2\/users\/6"}],"replies":[{"embeddable":true,"href":"https:\/\/www.amisaintcolomban.org\/wordpress\/wp-json\/wp\/v2\/comments?post=4571"}],"version-history":[{"count":3,"href":"https:\/\/www.amisaintcolomban.org\/wordpress\/wp-json\/wp\/v2\/pages\/4571\/revisions"}],"predecessor-version":[{"id":4581,"href":"https:\/\/www.amisaintcolomban.org\/wordpress\/wp-json\/wp\/v2\/pages\/4571\/revisions\/4581"}],"wp:attachment":[{"href":"https:\/\/www.amisaintcolomban.org\/wordpress\/wp-json\/wp\/v2\/media?parent=4571"}],"curies":[{"name":"wp","href":"https:\/\/api.w.org\/{rel}","templated":true}]}}