{"id":4584,"date":"2017-04-28T15:27:55","date_gmt":"2017-04-28T13:27:55","guid":{"rendered":"http:\/\/www.amisaintcolomban.org\/wordpress\/?page_id=4584"},"modified":"2017-05-02T13:49:56","modified_gmt":"2017-05-02T11:49:56","slug":"la-grotte-et-la-chapelle-saint-colomban-a-sainte-marie-en-chanois","status":"publish","type":"page","link":"https:\/\/www.amisaintcolomban.org\/wordpress\/la-grotte-et-la-chapelle-saint-colomban-a-sainte-marie-en-chanois\/","title":{"rendered":"La Grotte et la Chapelle saint Colomban \u00e0 Sainte-Marie en Chanois"},"content":{"rendered":"<p style=\"text-align: justify;\">Un jour, quittant Annegray et s\u2019\u00e9loignant dans le \u2018d\u00e9sert\u2019, Colomban d\u00e9couvre un \u00e9norme rocher abrupt, surmont\u00e9 d\u2019une plate-forme d\u2019o\u00f9 l\u2019on peut voir au loin, en particulier Annegray.<br \/>\nDoucement, il demande \u00e0 la b\u00eate sauvage de sortir et celle-ci n\u2019osera plus y revenir.<br \/>\nColomban s\u2019y installe \u00e0 plusieurs reprises pour m\u00e9diter et prier dans la solitude aux approches des f\u00eates du Seigneur et des solennit\u00e9s de divers Saints.<br \/>\nLe biographe de saint Colomban, Jonas de Bobbio, nous dit que la nourriture \u00e9tait compos\u00e9e d\u2019une petite quantit\u00e9 d\u2019herbes sauvages et de fruits minuscules, \u00ab bullugas \u00bb en latin, qui a donn\u00e9 le mot brins-belus ou brimbelles.<\/p>\n<p style=\"text-align: justify;\">Cette grotte existe toujours, au nord-ouest de la commune de Sainte-Marie en Chanois \u00e0 quelque 8 km d\u2019Annegray et 12 km de Luxeuil, mais il ne subsiste de la grotte que le fond, o\u00f9 na\u00eet une source, le plafond de la grotte elle-m\u00eame s\u2019\u00e9tant effondr\u00e9 \u00e0 une \u00e9poque fort lointaine et l\u2019on doit enjamber cet \u00e9norme \u2018couvercle\u2019 pour aller puiser l\u2019eau \u00e0 la source.<br \/>\nTout \u00e0 c\u00f4t\u00e9, une petite chapelle, de style n\u00e9o-roman, reconstruite en 1872 par les quatre communes co-paroissiales de Sainte-Marie, Les Fessey, La Bruy\u00e8re et La Proiseli\u00e8re, remplace un \u00e9difice du XVIe si\u00e8cle qui devait \u00eatre en mauvais \u00e9tat et dont aucune pierre n\u2019a \u00e9t\u00e9 sauvegard\u00e9e.<br \/>\nC\u2019est un but de p\u00e8lerinage et de promenade pour les touristes de passage dans la vall\u00e9e.<\/p>\n<p style=\"text-align: justify;\">Jusqu\u2019\u00e0 la R\u00e9volution, les B\u00e9n\u00e9dictins de Luxeuil entretiennent et desservent ce lieu de p\u00e8lerinage o\u00f9 les malades viennent volontiers chercher de l\u2019eau \u00e0 cette source miraculeuse et s\u2019allonger sur une pierre appel\u00e9e \u00ab le lit de Saint-Colomban \u00bb sur laquelle la chapelle a ensuite \u00e9t\u00e9 construite.<br \/>\nAujourd\u2019hui encore c\u2019est un lieu tr\u00e8s fr\u00e9quent\u00e9 par les habitants de la r\u00e9gion, ils viennent confier leurs pri\u00e8res \u00e0 saint Colomban et remplissent des bonbonnes avec l\u2019eau de la source.<\/p>\n<p style=\"text-align: center;\">Le paysage autour du site&#160;:<\/p>\n<p class=\"jetpack-slideshow-noscript robots-nocontent\">Ce diaporama n\u00e9cessite JavaScript.<\/p><div id=\"gallery-4584-1-slideshow\" class=\"jetpack-slideshow-window jetpack-slideshow jetpack-slideshow-black\" data-trans=\"fade\" data-autostart=\"1\" data-gallery=\"[{&quot;src&quot;:&quot;https:\\\/\\\/www.amisaintcolomban.org\\\/wordpress\\\/wp-content\\\/uploads\\\/ste_marie5.jpg&quot;,&quot;id&quot;:&quot;4588&quot;,&quot;title&quot;:&quot;ste_marie5&quot;,&quot;alt&quot;:&quot;&quot;,&quot;caption&quot;:&quot;&quot;,&quot;itemprop&quot;:&quot;image&quot;},{&quot;src&quot;:&quot;https:\\\/\\\/www.amisaintcolomban.org\\\/wordpress\\\/wp-content\\\/uploads\\\/ste_marie2.jpg&quot;,&quot;id&quot;:&quot;4587&quot;,&quot;title&quot;:&quot;ste_marie2&quot;,&quot;alt&quot;:&quot;&quot;,&quot;caption&quot;:&quot;&quot;,&quot;itemprop&quot;:&quot;image&quot;},{&quot;src&quot;:&quot;https:\\\/\\\/www.amisaintcolomban.org\\\/wordpress\\\/wp-content\\\/uploads\\\/ste_marie_9.jpg&quot;,&quot;id&quot;:&quot;4586&quot;,&quot;title&quot;:&quot;ste_marie_9&quot;,&quot;alt&quot;:&quot;&quot;,&quot;caption&quot;:&quot;&quot;,&quot;itemprop&quot;:&quot;image&quot;},{&quot;src&quot;:&quot;https:\\\/\\\/www.amisaintcolomban.org\\\/wordpress\\\/wp-content\\\/uploads\\\/ste_marie_1.jpg&quot;,&quot;id&quot;:&quot;4585&quot;,&quot;title&quot;:&quot;ste_marie_1&quot;,&quot;alt&quot;:&quot;&quot;,&quot;caption&quot;:&quot;&quot;,&quot;itemprop&quot;:&quot;image&quot;},{&quot;src&quot;:&quot;https:\\\/\\\/www.amisaintcolomban.org\\\/wordpress\\\/wp-content\\\/uploads\\\/DSCF0619-copie.jpg&quot;,&quot;id&quot;:&quot;4614&quot;,&quot;title&quot;:&quot;DSCF0619 copie&quot;,&quot;alt&quot;:&quot;&quot;,&quot;caption&quot;:&quot;&quot;,&quot;itemprop&quot;:&quot;image&quot;},{&quot;src&quot;:&quot;https:\\\/\\\/www.amisaintcolomban.org\\\/wordpress\\\/wp-content\\\/uploads\\\/2017-04-29-08.08.12-copie.jpg&quot;,&quot;id&quot;:&quot;4612&quot;,&quot;title&quot;:&quot;2017-04-29 08.08.12 copie&quot;,&quot;alt&quot;:&quot;&quot;,&quot;caption&quot;:&quot;&quot;,&quot;itemprop&quot;:&quot;image&quot;}]\" itemscope itemtype=\"https:\/\/schema.org\/ImageGallery\"><\/div>\n<p style=\"text-align: justify;\">Des membres de l&rsquo;association se sont retrouv\u00e9s le samedi 29 avril 2017 pour r\u00e9aliser des travaux d&rsquo;entretien sur le site\u00a0de la grotte de St-Colomban \u00e0 Ste-Marie en Chanois&#160;:<\/p>\n<p><img data-attachment-id=\"4613\" data-permalink=\"https:\/\/www.amisaintcolomban.org\/wordpress\/la-grotte-et-la-chapelle-saint-colomban-a-sainte-marie-en-chanois\/2017-04-29-12-03-52\/\" data-orig-file=\"https:\/\/www.amisaintcolomban.org\/wordpress\/wp-content\/uploads\/2017-04-29-12.03.52.jpg\" data-orig-size=\"2126,1596\" data-comments-opened=\"1\" data-image-meta=\"{&quot;aperture&quot;:&quot;5.6&quot;,&quot;credit&quot;:&quot;&quot;,&quot;camera&quot;:&quot;DMC-G7&quot;,&quot;caption&quot;:&quot;&quot;,&quot;created_timestamp&quot;:&quot;1493460232&quot;,&quot;copyright&quot;:&quot;&quot;,&quot;focal_length&quot;:&quot;14&quot;,&quot;iso&quot;:&quot;200&quot;,&quot;shutter_speed&quot;:&quot;0.003125&quot;,&quot;title&quot;:&quot;&quot;,&quot;orientation&quot;:&quot;1&quot;}\" data-image-title=\"2017-04-29 12.03.52\" data-image-description=\"\" data-image-caption=\"\" data-medium-file=\"https:\/\/www.amisaintcolomban.org\/wordpress\/wp-content\/uploads\/2017-04-29-12.03.52-300x225.jpg\" data-large-file=\"https:\/\/www.amisaintcolomban.org\/wordpress\/wp-content\/uploads\/2017-04-29-12.03.52-1024x769.jpg\" loading=\"lazy\" class=\"size-medium wp-image-4613 aligncenter\" src=\"http:\/\/www.amisaintcolomban.org\/wordpress\/wp-content\/uploads\/2017-04-29-12.03.52-300x225.jpg\" alt=\"\" width=\"300\" height=\"225\" srcset=\"https:\/\/www.amisaintcolomban.org\/wordpress\/wp-content\/uploads\/2017-04-29-12.03.52-300x225.jpg 300w, https:\/\/www.amisaintcolomban.org\/wordpress\/wp-content\/uploads\/2017-04-29-12.03.52-768x577.jpg 768w, https:\/\/www.amisaintcolomban.org\/wordpress\/wp-content\/uploads\/2017-04-29-12.03.52-1024x769.jpg 1024w\" sizes=\"(max-width: 300px) 100vw, 300px\" \/><\/p>\n","protected":false},"excerpt":{"rendered":"<p>Un jour, quittant Annegray et s\u2019\u00e9loignant dans le \u2018d\u00e9sert\u2019, Colomban d\u00e9couvre un \u00e9norme rocher abrupt, surmont\u00e9 d\u2019une plate-forme d\u2019o\u00f9 l\u2019on peut voir au loin, en particulier Annegray. Doucement, il demande \u00e0 la b\u00eate sauvage de sortir et celle-ci n\u2019osera plus&hellip; <\/p>\n","protected":false},"author":6,"featured_media":0,"parent":0,"menu_order":0,"comment_status":"closed","ping_status":"closed","template":"","meta":{"jetpack_post_was_ever_published":false},"jetpack_sharing_enabled":true,"jetpack_shortlink":"https:\/\/wp.me\/P5rJPU-1bW","_links":{"self":[{"href":"https:\/\/www.amisaintcolomban.org\/wordpress\/wp-json\/wp\/v2\/pages\/4584"}],"collection":[{"href":"https:\/\/www.amisaintcolomban.org\/wordpress\/wp-json\/wp\/v2\/pages"}],"about":[{"href":"https:\/\/www.amisaintcolomban.org\/wordpress\/wp-json\/wp\/v2\/types\/page"}],"author":[{"embeddable":true,"href":"https:\/\/www.amisaintcolomban.org\/wordpress\/wp-json\/wp\/v2\/users\/6"}],"replies":[{"embeddable":true,"href":"https:\/\/www.amisaintcolomban.org\/wordpress\/wp-json\/wp\/v2\/comments?post=4584"}],"version-history":[{"count":3,"href":"https:\/\/www.amisaintcolomban.org\/wordpress\/wp-json\/wp\/v2\/pages\/4584\/revisions"}],"predecessor-version":[{"id":4617,"href":"https:\/\/www.amisaintcolomban.org\/wordpress\/wp-json\/wp\/v2\/pages\/4584\/revisions\/4617"}],"wp:attachment":[{"href":"https:\/\/www.amisaintcolomban.org\/wordpress\/wp-json\/wp\/v2\/media?parent=4584"}],"curies":[{"name":"wp","href":"https:\/\/api.w.org\/{rel}","templated":true}]}}