{"id":4602,"date":"2017-04-28T16:07:36","date_gmt":"2017-04-28T14:07:36","guid":{"rendered":"http:\/\/www.amisaintcolomban.org\/wordpress\/?page_id=4602"},"modified":"2017-05-03T15:56:19","modified_gmt":"2017-05-03T13:56:19","slug":"le-prieure-de-fontaine","status":"publish","type":"page","link":"https:\/\/www.amisaintcolomban.org\/wordpress\/le-prieure-de-fontaine\/","title":{"rendered":"Le Prieur\u00e9 de Fontaine"},"content":{"rendered":"<p style=\"text-align: justify;\">A l\u2019\u00e9poque gallo-romaine Fontaine \u00e9tait situ\u00e9e sur la voie de Mandeure \u00e0 Corre. A la fin du VIe si\u00e8cle il est probable que l\u2019endroit est \u00e0 l\u2019abandon lorsque les moines de Colomban le d\u00e9couvrent, car Jonas de Bobbio (le biographe de Colomban) nous signale simplement que \u00ab Colomban recherche un endroit agr\u00e9ment\u00e9 par l\u2019abondance des sources, auquel il donne le nom de Fontaines (Fontanas) et y b\u00e2tit un nouveau monast\u00e8re\u2026 \u00bb.<br \/>\nLa d\u00e9couverte fortuite de st\u00e8le gallo-romaine au XXe si\u00e8cle a laiss\u00e9 pr\u00e9sager la pr\u00e9sence d\u2019une population structur\u00e9e autour d\u2019une petite agglom\u00e9ration.<br \/>\nVers la fin du VIe si\u00e8cle, le monast\u00e8re colombanien aurait compt\u00e9 d\u00e9j\u00e0 220 moines, ceci justifie la recherche de nouvelles terres agricoles. Seulement six kilom\u00e8tres s\u00e9parent Luxeuil de Fontaine en direction du nord-ouest.<br \/>\nD\u00e8s cette \u00e9poque et jusqu\u2019\u00e0 la R\u00e9volution, la vie du village de Fontaine \u00e9tait li\u00e9e \u00e0 celle de son prieur\u00e9.<\/p>\n<p style=\"text-align: justify;\">Par le d\u00e9veloppement de ses cultures, il semble \u00e9vident que le monast\u00e8re de Fontaine est le grenier des trois fondations colombaniennes. D\u2019apr\u00e8s l\u2019analyse des b\u00e9n\u00e9dictins de l\u2019Abbaye de Saint Wandrille de la Vita Columbani, la fondation de Fontaine aurait \u00e9t\u00e9, \u00e0 l\u2019origine, le monast\u00e8re des p\u00e9nitents. Ces p\u00e9nitents ne seraient pas des moines, mais la\u00efcs de l\u2019aristocratie venus se repentir des fautes pass\u00e9es au sein de l\u2019asc\u00e9tisme colombanien.<\/p>\n","protected":false},"excerpt":{"rendered":"<p>A l\u2019\u00e9poque gallo-romaine Fontaine \u00e9tait situ\u00e9e sur la voie de Mandeure \u00e0 Corre. A la fin du VIe si\u00e8cle il est probable que l\u2019endroit est \u00e0 l\u2019abandon lorsque les moines de Colomban le d\u00e9couvrent, car Jonas de Bobbio (le biographe&hellip; <\/p>\n","protected":false},"author":6,"featured_media":0,"parent":0,"menu_order":0,"comment_status":"closed","ping_status":"closed","template":"","meta":{"jetpack_post_was_ever_published":false},"jetpack_sharing_enabled":true,"jetpack_shortlink":"https:\/\/wp.me\/P5rJPU-1ce","_links":{"self":[{"href":"https:\/\/www.amisaintcolomban.org\/wordpress\/wp-json\/wp\/v2\/pages\/4602"}],"collection":[{"href":"https:\/\/www.amisaintcolomban.org\/wordpress\/wp-json\/wp\/v2\/pages"}],"about":[{"href":"https:\/\/www.amisaintcolomban.org\/wordpress\/wp-json\/wp\/v2\/types\/page"}],"author":[{"embeddable":true,"href":"https:\/\/www.amisaintcolomban.org\/wordpress\/wp-json\/wp\/v2\/users\/6"}],"replies":[{"embeddable":true,"href":"https:\/\/www.amisaintcolomban.org\/wordpress\/wp-json\/wp\/v2\/comments?post=4602"}],"version-history":[{"count":1,"href":"https:\/\/www.amisaintcolomban.org\/wordpress\/wp-json\/wp\/v2\/pages\/4602\/revisions"}],"predecessor-version":[{"id":4603,"href":"https:\/\/www.amisaintcolomban.org\/wordpress\/wp-json\/wp\/v2\/pages\/4602\/revisions\/4603"}],"wp:attachment":[{"href":"https:\/\/www.amisaintcolomban.org\/wordpress\/wp-json\/wp\/v2\/media?parent=4602"}],"curies":[{"name":"wp","href":"https:\/\/api.w.org\/{rel}","templated":true}]}}