{"id":5360,"date":"2022-03-04T11:03:11","date_gmt":"2022-03-04T10:03:11","guid":{"rendered":"https:\/\/www.amisaintcolomban.org\/wordpress\/?p=5360"},"modified":"2022-03-04T11:20:44","modified_gmt":"2022-03-04T10:20:44","slug":"la-via-columbani","status":"publish","type":"page","link":"https:\/\/www.amisaintcolomban.org\/wordpress\/la-via-columbani\/","title":{"rendered":"La Via Columbani"},"content":{"rendered":"\n\n\n<h3><strong>Un<\/strong> <strong>chemin atypique au regard de saint Colomban et du concept d\u2019assistance \u00e0 l\u2019itin\u00e9rance.<\/strong><\/h3>\n\n\n\n\n\n<figure class=\"wp-block-image size-large\"><img data-attachment-id=\"5361\" data-permalink=\"https:\/\/www.amisaintcolomban.org\/wordpress\/la-via-columbani\/carte_amis_2022\/\" data-orig-file=\"https:\/\/www.amisaintcolomban.org\/wordpress\/wp-content\/uploads\/carte_amis_2022.jpg\" data-orig-size=\"2268,2041\" data-comments-opened=\"1\" data-image-meta=\"{&quot;aperture&quot;:&quot;0&quot;,&quot;credit&quot;:&quot;&quot;,&quot;camera&quot;:&quot;&quot;,&quot;caption&quot;:&quot;&quot;,&quot;created_timestamp&quot;:&quot;0&quot;,&quot;copyright&quot;:&quot;&quot;,&quot;focal_length&quot;:&quot;0&quot;,&quot;iso&quot;:&quot;0&quot;,&quot;shutter_speed&quot;:&quot;0&quot;,&quot;title&quot;:&quot;&quot;,&quot;orientation&quot;:&quot;1&quot;}\" data-image-title=\"carte_amis_2022\" data-image-description=\"\" data-image-caption=\"\" data-medium-file=\"https:\/\/www.amisaintcolomban.org\/wordpress\/wp-content\/uploads\/carte_amis_2022-300x270.jpg\" data-large-file=\"https:\/\/www.amisaintcolomban.org\/wordpress\/wp-content\/uploads\/carte_amis_2022-1024x922.jpg\" loading=\"lazy\" width=\"1024\" height=\"922\" src=\"https:\/\/www.amisaintcolomban.org\/wordpress\/wp-content\/uploads\/carte_amis_2022-1024x922.jpg\" alt=\"\" class=\"wp-image-5361\" srcset=\"https:\/\/www.amisaintcolomban.org\/wordpress\/wp-content\/uploads\/carte_amis_2022-1024x922.jpg 1024w, https:\/\/www.amisaintcolomban.org\/wordpress\/wp-content\/uploads\/carte_amis_2022-300x270.jpg 300w, https:\/\/www.amisaintcolomban.org\/wordpress\/wp-content\/uploads\/carte_amis_2022-768x691.jpg 768w, https:\/\/www.amisaintcolomban.org\/wordpress\/wp-content\/uploads\/carte_amis_2022-1536x1382.jpg 1536w, https:\/\/www.amisaintcolomban.org\/wordpress\/wp-content\/uploads\/carte_amis_2022-2048x1843.jpg 2048w\" sizes=\"(max-width: 1024px) 100vw, 1024px\" \/><\/figure>\n\n\n\n<p>Saint Colomban, moine irlandais (540 \u2013 615)&#160;:<br>Sa vision de l\u2019Europe des Peuples se retrouve dans deux lettres adress\u00e9es aux Papes entre 600 et 610. Les copies, dat\u00e9es du 8e si\u00e8cle. Sept lettres de Colomban sont parvenues jusqu\u2019\u00e0 nous. En 1950, lors du 14e centenaire de la naissance de Colomban \u00e0 Luxeuil, Robert Schuman a reconnu saint Colomban comme un des p\u00e8res de l\u2019Europe. L\u2019action de Colomban aupr\u00e8s des cours m\u00e9rovingiennes permettra la cr\u00e9ation du premier r\u00e9seau monastique en Gaule au cours des 7e et 8e si\u00e8cles.<\/p>\n\n\n\n<p>La <strong><em>Via Columbani<\/em><\/strong> propose de visiter cet h\u00e9ritage oubli\u00e9 tout en offrant l\u2019opportunit\u00e9 de profondes r\u00e9flexions int\u00e9rieures au rythme de la marche et de rencontres inoubliables avec des personnes, des cultures et des paysages, richesses compl\u00e9mentaires de l\u2019Europe tout au long de parcours nationaux et r\u00e9gionaux totalisant 8000 km \u00e0 travers 20 r\u00e9gions de 9 pays diff\u00e9rents.<\/p>\n\n\n\n<p><strong>Nous proposons 11 itin\u00e9raires principaux emprunt\u00e9s par saint Colomban en Europe occidentale&nbsp;&#160;:<\/strong><\/p>\n\n\n\n<ul>\n<li>Columban Way&#160;: en Irlande chemin en cours d\u2019int\u00e9gration<\/li>\n<li>Columban Way&#160;: en Grande Bretagne non r\u00e9f\u00e9renc\u00e9 pour l\u2019instant<\/li>\n<li>Chemin de saint Colomban en France vers 590 de Saint-Malo \u00e0 Annegray<\/li>\n<li>Chemin de l\u2019exil de saint Colomban en France en 610&#160;: Luxeuil \u2013 Nantes \u2013 Paris &#8211; Metz<\/li>\n<li>Chemin de l\u2019exil de saint Colomban en France r\u00e9gion Alsace en 610&#160;: Lauterbourg &#8211; B\u00e2le<\/li>\n<li>Chemin de l\u2019exil de saint Colomban en Allemagne en 610&#160;: Kolumbansweg<\/li>\n<li>Chemin de l\u2019exil de saint Colomban en Suisse en 610&#160;: Kolumbansweg <br \/>Chemin de l\u2019exil de saint Colomban en Italie par la vall\u00e9e de la Trebbia<\/li>\n<li>Chemin de l\u2019exil de saint Colomban en Italie par Pavie<\/li>\n<li>Chemin de liaison d\u2019Annegray \u00e0 B\u00e2le<\/li>\n<li>Chemin breton de saint Colomban en Bretagne&#160;: chemin en cours d\u2019int\u00e9gration<\/li>\n<\/ul>\n<p>Renseignements&#160;: viacolumbani@gmail.com<br \/>Bon p\u00e8lerinage \u00e0 tous.<\/p>\n","protected":false},"excerpt":{"rendered":"<p>Un chemin atypique au regard de saint Colomban et du concept d\u2019assistance \u00e0 l\u2019itin\u00e9rance. Saint Colomban, moine irlandais (540 \u2013 615)&#160;:Sa vision de l\u2019Europe des Peuples se retrouve dans deux lettres adress\u00e9es aux Papes entre 600 et 610. Les copies,&hellip; <\/p>\n","protected":false},"author":2,"featured_media":0,"parent":0,"menu_order":0,"comment_status":"open","ping_status":"open","template":"","meta":{"jetpack_post_was_ever_published":false},"jetpack_sharing_enabled":true,"jetpack_shortlink":"https:\/\/wp.me\/P5rJPU-1os","_links":{"self":[{"href":"https:\/\/www.amisaintcolomban.org\/wordpress\/wp-json\/wp\/v2\/pages\/5360"}],"collection":[{"href":"https:\/\/www.amisaintcolomban.org\/wordpress\/wp-json\/wp\/v2\/pages"}],"about":[{"href":"https:\/\/www.amisaintcolomban.org\/wordpress\/wp-json\/wp\/v2\/types\/page"}],"author":[{"embeddable":true,"href":"https:\/\/www.amisaintcolomban.org\/wordpress\/wp-json\/wp\/v2\/users\/2"}],"replies":[{"embeddable":true,"href":"https:\/\/www.amisaintcolomban.org\/wordpress\/wp-json\/wp\/v2\/comments?post=5360"}],"version-history":[{"count":3,"href":"https:\/\/www.amisaintcolomban.org\/wordpress\/wp-json\/wp\/v2\/pages\/5360\/revisions"}],"predecessor-version":[{"id":5368,"href":"https:\/\/www.amisaintcolomban.org\/wordpress\/wp-json\/wp\/v2\/pages\/5360\/revisions\/5368"}],"wp:attachment":[{"href":"https:\/\/www.amisaintcolomban.org\/wordpress\/wp-json\/wp\/v2\/media?parent=5360"}],"curies":[{"name":"wp","href":"https:\/\/api.w.org\/{rel}","templated":true}]}}