{"id":606,"date":"2014-11-22T15:58:43","date_gmt":"2014-11-22T14:58:43","guid":{"rendered":"http:\/\/www.amisaintcolomban.org\/wordpress\/?page_id=606"},"modified":"2017-05-03T09:35:32","modified_gmt":"2017-05-03T07:35:32","slug":"annee-2008","status":"publish","type":"page","link":"https:\/\/www.amisaintcolomban.org\/wordpress\/annee-2008\/","title":{"rendered":"Ann\u00e9e 2008"},"content":{"rendered":"<h3>Janvier<\/h3>\n<h4 style=\"text-align: justify;\">Reconqu\u00eate d&rsquo;espaces paysagers sur les terrains de la chapelle de Sainte-Marie en Chanois<\/h4>\n<p style=\"text-align: justify;\">Notre association a re\u00e7u de la part de notre pr\u00e9sident d&rsquo;honneur, le docteur. Gilles Cugnier, les terrains de la grotte de Ste-Marie en Chanois. Le pr\u00e9sident, Jean Coste, avait d\u00e9l\u00e9gation pour mener \u00e0 bien cette op\u00e9ration notariale.<a title=\"14 juillet 2008 : les 60 ans de notre association\" href=\"http:\/\/www.amisaintcolomban.org\/wordpress\/14-juillet-2008-les-60-ans-de-notre-association\/\"> Voir article<\/a><\/p>\n<h3>Jeudi 3\u00a0avril<\/h3>\n<p style=\"text-align: justify;\">\u00ab\u00a0Saint Colomban, ses origines et son activit\u00e9 \u00e0 Luxeuil\u00a0\u00bb, conf\u00e9rence du professeur Flavio\u00a0Nuvolone\u00a0Professeur de pratisitique (connaissance des \u00e9crits des P\u00e8res de l&rsquo;Eglise), Universit\u00e9 de Fribourg (Suisse).\u00a0Organis\u00e9e dans le cadre les Universit\u00e9s Ouvertes de Franche-Comt\u00e9, antenne de Lure, \u00e0 18h30 auditorium Fran\u00e7ois Miterrand.<\/p>\n<h3>Mercredi 16 avril<\/h3>\n<p style=\"text-align: justify;\">Conf\u00e9rence de Robert et Claudia Mestelan\u00a0\u00ab\u00a0La route de Saint Colomban\u00a0\u00bb\u00a0A 20 h 30 \u00e0 l&rsquo;Abbaye de Luxeuil. <a title=\"Claudia et Robert sur les pas de saint Colomban\" href=\"http:\/\/www.amisaintcolomban.org\/wordpress\/claudia-et-robert-sur-les-pas-de-saint-colomban\/\">Voir article<\/a><\/p>\n<h3>Jeudi 8 mai<\/h3>\n<p style=\"text-align: justify;\">Journ\u00e9e \u00ab\u00a0Don de soi\u00a0\u00bb comme chaque ann\u00e9e les Amis de Saint Colomban s&rsquo;associent au Lions Club Lure-Luxeuil pour un journ\u00e9e d&rsquo;entretien sur le site d&rsquo;Annegray.<\/p>\n<h3>Rencontres\u00a02008<\/h3>\n<p style=\"text-align: justify;\">5 et 6 juillet 8 \u00e0 Biandrate (Italie) province de Novara (Pi\u00e9mont). <a title=\"5-6 juillet 2008 : rencontres \u00e0 Biandrate\" href=\"http:\/\/www.amisaintcolomban.org\/wordpress\/659\/\">Voir article<\/a><\/p>\n<h3>14 juillet<\/h3>\n<p style=\"text-align: justify;\">les 60 ans de l&rsquo;association \u00e0 la grotte de Ste-Marie en Chanois&#160;: Messe, repas champ\u00eatre,\u00a0inauguration de la plaque \u00ab\u00a0le Chemin de Saint Colomban\u00a0\u00bb,\u00a0Reconstitution historique de l&rsquo;arriv\u00e9e de Colomban \u00e0 la grotte. Jou\u00e9e par les Amis de St Colomban, costumes \u00ab\u00a0Luxeuil Patrimoine Vivant\u00a0\u00bb,\u00a0P\u00eache \u00e0 la ligne pour les enfants. <a title=\"14 juillet 2008 : les 60 ans de notre association\" href=\"http:\/\/www.amisaintcolomban.org\/wordpress\/14-juillet-2008-les-60-ans-de-notre-association\/\">Voir l&rsquo;article<\/a><\/p>\n<h3>20 juillet<\/h3>\n<h5>Le\u00a0Pardon de St Colomban 2008 \u00e0 Saint Coulomb (Ile-et-Vilaine)<\/h5>\n<p style=\"text-align: justify;\">Quatre Amis de Luxeuil \u00e9taient pr\u00e9sents \u00e0 Saint-Coulomb le dimanche 20 juillet, Arnaud Demonet,\u00a0Jacques et Aline Prudhon, Jacotte Simon, accueillis\u00a0par tous les Amis bretons avec \u00e0 leur t\u00eate un tr\u00e8s d\u00e9vou\u00e9\u00a0pr\u00e9sident, Guy Andr\u00e9.<a title=\"19-20 juillet : Grand Pardon \u00e0 Saint Colomban\" href=\"http:\/\/www.amisaintcolomban.org\/wordpress\/19-20-juillet-grand-pardon-a-saint-colomban\/\"> Voir article<\/a><\/p>\n<h3>28 juilet<\/h3>\n<p style=\"text-align: justify;\">Une bonne trentaine de p\u00e8lerins de Franche-Comt\u00e9, dont une moiti\u00e9 de la\u00a0r\u00e9gion de Luxeuil, Amis de Saint Colomban pour la plupart, se sont rendus en Irlande\u00a0entre le 28 juillet et le 4 ao\u00fbt<br \/>\n2008.\u00a0La d\u00e9couverte du pays \u00e9tait \u00e0 l\u2019ordre du jour, les principales villes d\u2019abord&#160;: Dublin et son\u00a0c\u00e9l\u00e8bre \u00ab Trinity Coll\u00e8ge \u00bb o\u00f9 est d\u00e9pos\u00e9 le livre de Kells, pr\u00e9cieux par ses remarquables enluminures,\u00a0Belfast, Derry (ou Londonderry). <a title=\"En Irlande sur les pas de Saint Colomban\" href=\"http:\/\/www.amisaintcolomban.org\/wordpress\/en-irlande-sur-les-pas-de-saint-colomban\/\">Voir article<\/a><\/p>\n<h3>16 ao\u00fbt<\/h3>\n<p style=\"text-align: justify;\" align=\"left\">Inauguration de la plaque en bronze au <em>Septimerpass<\/em> en Suisse avec nos Amis de <em>Route de l&rsquo;Europe Chr\u00e9tienne<\/em>.\u00a0Le col du Septimer est situ\u00e9 dans le canton des Grisons (Suisse) entre Chur et Saint-Moritz&#160;: messe sur place puis inauguration de\u00a0la plaque \u00ab\u00a0le Chemin de St Colomban\u00a0\u00bb <a title=\"15-16 ao\u00fbt : le col du Septimer\" href=\"http:\/\/www.amisaintcolomban.org\/wordpress\/15-16-aout-le-col-du-septimer\/\">Voir article<\/a><\/p>\n<h3>dimanche 26 octobre<\/h3>\n<p>Brocante de l&rsquo;Abbaye<\/p>\n<h3>15 novembre<\/h3>\n<p>Assembl\u00e9e G\u00e9n\u00e9rale de l&rsquo;association le 15 novembre 2008 \u00e0 17 h\u00a0 salle du Chapitre de l&rsquo;Abbaye<\/p>\n<h3>23 novembre&#160;:<\/h3>\n<p>F\u00eate de Saint Colomban<\/p>\n","protected":false},"excerpt":{"rendered":"<p>Janvier Reconqu\u00eate d&rsquo;espaces paysagers sur les terrains de la chapelle de Sainte-Marie en Chanois Notre association a re\u00e7u de la part de notre pr\u00e9sident d&rsquo;honneur, le docteur. Gilles Cugnier, les terrains de la grotte de Ste-Marie en Chanois. Le pr\u00e9sident,&hellip; <\/p>\n","protected":false},"author":2,"featured_media":102,"parent":0,"menu_order":0,"comment_status":"closed","ping_status":"open","template":"","meta":{"jetpack_post_was_ever_published":false},"jetpack_sharing_enabled":true,"jetpack_shortlink":"https:\/\/wp.me\/P5rJPU-9M","_links":{"self":[{"href":"https:\/\/www.amisaintcolomban.org\/wordpress\/wp-json\/wp\/v2\/pages\/606"}],"collection":[{"href":"https:\/\/www.amisaintcolomban.org\/wordpress\/wp-json\/wp\/v2\/pages"}],"about":[{"href":"https:\/\/www.amisaintcolomban.org\/wordpress\/wp-json\/wp\/v2\/types\/page"}],"author":[{"embeddable":true,"href":"https:\/\/www.amisaintcolomban.org\/wordpress\/wp-json\/wp\/v2\/users\/2"}],"replies":[{"embeddable":true,"href":"https:\/\/www.amisaintcolomban.org\/wordpress\/wp-json\/wp\/v2\/comments?post=606"}],"version-history":[{"count":3,"href":"https:\/\/www.amisaintcolomban.org\/wordpress\/wp-json\/wp\/v2\/pages\/606\/revisions"}],"predecessor-version":[{"id":4680,"href":"https:\/\/www.amisaintcolomban.org\/wordpress\/wp-json\/wp\/v2\/pages\/606\/revisions\/4680"}],"wp:featuredmedia":[{"embeddable":true,"href":"https:\/\/www.amisaintcolomban.org\/wordpress\/wp-json\/wp\/v2\/media\/102"}],"wp:attachment":[{"href":"https:\/\/www.amisaintcolomban.org\/wordpress\/wp-json\/wp\/v2\/media?parent=606"}],"curies":[{"name":"wp","href":"https:\/\/api.w.org\/{rel}","templated":true}]}}