{"id":883,"date":"2015-01-20T18:05:00","date_gmt":"2015-01-20T17:05:00","guid":{"rendered":"http:\/\/www.amisaintcolomban.org\/wordpress\/?page_id=883"},"modified":"2017-05-03T09:39:06","modified_gmt":"2017-05-03T07:39:06","slug":"annee-2011","status":"publish","type":"page","link":"https:\/\/www.amisaintcolomban.org\/wordpress\/annee-2011\/","title":{"rendered":"Ann\u00e9e 2011"},"content":{"rendered":"<h3 style=\"text-align: justify;\">Samedi 5 et dimanche 6 mars<\/h3>\n<p>Foire aux Livres annuelle de l&rsquo;Abbaye Saint-Colomban\u00a0\u00e0 Luxeuil<br \/>\nLivres d&rsquo;occasions uniquement. Romans, Histoire, Musique, Histoire religieuse, encyclop\u00e9dies, Histoire de la Haute-Sa\u00f4ne et de la Franche-Comt\u00e9.<\/p>\n<h3 style=\"text-align: justify;\">Samedi 2 et dimanche 3 avril<\/h3>\n<p style=\"text-align: justify;\">Voyage \u00a0\u00a0\u00bb \u00e0 la rencontre de la r\u00e9forme clunisienne au Xe si\u00e8cle en France\u00a0\u00bb. La chapelle de Berz\u00e9 la Ville, visite conf\u00e9rence \u00e0 Cluny, visite guid\u00e9e de l&rsquo;\u00e9glise abbatiale Saint Philibert \u00e0 Tournus, visite guid\u00e9e de l&rsquo;\u00e9glise abbatiale de Brou, visite par S\u00e9bastien Bully de l&rsquo;\u00e9glise romane de Gigny et de l&rsquo;abbaye de Baume-les-Messieurs.<\/p>\n<h3>Lundi de P\u00e2ques 25 avril<\/h3>\n<p style=\"text-align: justify;\">Participation \u00e0 la journ\u00e9e \u00ab\u00a0Gr\u00e9gorien et Orgue\u00a0\u00bb -organis\u00e9e par l&rsquo;abbaye Saint Colomban et l&rsquo;Unit\u00e9 pastorale de luxeuil, sous la direction de Bernard Leuvrey.<\/p>\n<h3>Dimanche 1er mai<\/h3>\n<p style=\"text-align: justify;\">F\u00eate de Saint Valbert organis\u00e9e par l&rsquo;Unit\u00e9 pastorale de Luxeuil<br \/>\nMesse \u00e0 10h 30 au village de Saint-Valbert<\/p>\n<h3>Dimanche 15 mai<\/h3>\n<p style=\"text-align: justify;\">La journ\u00e9e du Labeur colombanien sur le \u00ab\u00a0Chemin des moines\u00a0\u00bb \u00a0de Luxeuil \u00e0 Annegray, via Saint-Valbert, \u00a0Sainte-Marie-en Chanois. \u00a0\u00bb travaux de nettoyage du Chemin sur certains secteurs, pique-nique \u00e0 la grotte Saint-Colomban organis\u00e9 par l&rsquo;association. L&rsquo;inauguration est pr\u00e9vue le 14 juillet 2011.<\/p>\n<h3>Samedi 25 juin<\/h3>\n<p style=\"text-align: justify;\">Voyage \u00e0 Troyes&#160;:\u00a0la ville aux 10 \u00e9glises, la cath\u00e9drale avec ses vitraux du XIIIe s., le jub\u00e9 de Ste-Madeleine&#8230; Saint Frodobert, moine de Luxeuil, a fond\u00e9 le monast\u00e8re de Moutier-la-Celle vers 650 \u00e0 proximit\u00e9 de Troyes. qui fut \u00e0 l&rsquo;origine de la cr\u00e9ation de l&rsquo;Abbaye de Molesme au XIe si\u00e8cle. Bernard de Clairvaux a \u00e9tudi\u00e9 \u00e0 Molesme et probablement \u00e0 Moutier-la-Celle.\u00c0 la m\u00eame \u00e9poque, la renomm\u00e9e de l&rsquo;\u00e9cole rabinique troyenne s&rsquo;\u00e9tendait dans toute l&rsquo;Europe.<\/p>\n<h3>Du Samedi 2 au 4 juillet<\/h3>\n<p style=\"text-align: justify;\">Saint. Columban&rsquo;s Days \u00e0 San Giulietta (province de Pavie) cette traditionnelle rencontre annuelle des paroisses colombaniennes est devenue un moment de partage tr\u00e8s\u00a0pris\u00e9\u00a0des colombaniens.<\/p>\n<h3>Jeudi 14 juillet<\/h3>\n<p style=\"text-align: justify;\">Nous sommes oblig\u00e9s de reporter cette manifestation en raison de l\u2019interdiction de circuler, dans les bois de Luxeuil et Chapendu, affich\u00e9e par les services de l\u2019ONF. Cette d\u00e9cision est la cons\u00e9quence du violent orage le 22 juin 2011, ayant entra\u00een\u00e9 la chute de nombreux arbres rendant le parcours provisoirement inaccessible. Nous esp\u00e9rons faire cette inauguration \u00e0 l\u2019automne 2011. Nous ne manquerons pas de vous communiquer la nouvelle date.<br \/>\nLes plots pour le balisage, fournis gratuitement par Destination 70 (Conseil G\u00e9n\u00e9ral de la Hte-Sa\u00f4ne), seront disponibles en ao\u00fbt. Une plaquette descriptive \u00e0 destination des marcheurs est en cours d\u2019\u00e9laboration. Elle est r\u00e9alis\u00e9e gratuitement par le service communication de la Ville de Luxeuil-les-Bains et nous les en remercions.<br \/>\nNotre association financera la fabrication de deux panneaux descriptifs (pour Annegray et Ste-Marie en Chanois) de 60cm x 80cm. Un panneau d\u2019informations est pr\u00e9vu par la Ville de Luxeuil-les-Bains \u00e0 l\u2019\u00e9tang de la Poche, il regroupera les diff\u00e9rents circuits du Banney et le Chemin des Moines.<\/p>\n<h3>Du Samedi 23 juillet au lundi 25 juillet<\/h3>\n<p style=\"text-align: justify;\">Pardon \u00e0 Saint Colomban \u00e0 Saint-Coulomb (Ile-et-Vilaine). Organis\u00e9 par les Amis bretons de Colomban \u00e0 Saint-Coulomb (Ile-et-Vilaine) Ce d\u00e9placement se fera en voitures individuelles ou location minibus au d\u00e9part de Luxeuil. Visite de Saint-Malo et Cancale (location + carburant + p\u00e9ages = 110 euros par personnes plus deux nuits d&rsquo;h\u00f4tel et repas).<\/p>\n<h3>Vendredi 9 septembre<\/h3>\n<p style=\"text-align: justify;\">\u00ab Le parti architectural de l\u2019abbatiale de Luxeuil au XIIIe si\u00e8cle&#160;: entre historicisme et modernit\u00e9, \u00bb\u00a0Conf\u00e9rence \u00e0 l&rsquo;abbaye de Luxeuil \u00a0par Mme Fabienne Jeudy, docteur en Histoire de l&rsquo;art, sur l&rsquo;architecture des \u00e9glises du nord de la Haute-Sa\u00f4ne au XIIIe si\u00e8cle et plus particuli\u00e8rement l&rsquo;\u00e9glise abbatiale de Luxeuil.<\/p>\n<h3>Dimanche 25 septembre<\/h3>\n<p><img loading=\"lazy\" class=\"alignnone\" src=\"http:\/\/www.amisaintcolomban.org\/attachments\/Image\/Chemin_des_moines2011\/inauguration_25_septembre_2011.JPG\" alt=\"\" width=\"1200\" height=\"797\" \/>Inauguration du Chemin des Moines<\/p>\n<h3>Du 13 septembre au 17 septembre<\/h3>\n<p style=\"text-align: justify;\">\u00a0\u00bb D\u00e9couverte du sud de l&rsquo;Angleterre\u00a0\u00bb . Voyage Organis\u00e9 par les Amis\u00a0de saint\u00a0Colomban de Saint-Coulomb.<\/p>\n<h3>Samedi 17 et dimanche 18 septembre<\/h3>\n<p style=\"text-align: justify;\">Journ\u00e9es europ\u00e9ennes du Patrimoine&#160;: visite guid\u00e9e de l&rsquo;abbaye Saint Colomban de Luxeuil par les Amis b\u00e9n\u00e9voles.<\/p>\n<h3>Le 19 septembre<\/h3>\n<p style=\"text-align: justify;\">D\u00e9c\u00e8s du\u00a0Docteur Gilles Cugnier, \u00e0 l\u2019\u00e2ge de 86 ans. Avec lui\u00a0dispara\u00eet un m\u00e9c\u00e8ne d\u2019une rare g\u00e9n\u00e9rosit\u00e9\u00a0et l\u2019infatigable d\u00e9fenseur de l\u2019histoire et du patrimoine\u00a0haut-sa\u00f4nois en g\u00e9n\u00e9ral et luxovien en particulier.<\/p>\n<h3>Jeudi 13 octobre<\/h3>\n<p style=\"text-align: justify;\">Nuit du film d\u2019arch\u00e9ologie. Manifestation tous publics organis\u00e9e par notre association en partenariat avec l&rsquo;association Fortis Besan\u00e7on, organisatrice du Festival international du film d&rsquo;arch\u00e9ologie de Besan\u00e7on avec projections pour les scolaires dans la journ\u00e9e et projections tous publics de 20 h \u00e0 1h du matin<\/p>\n<h3>Samedi 19 novembre<\/h3>\n<p style=\"text-align: justify;\">Table Ronde internationale du Patrimoine colombanien \u00ab Autour du scriptorium de Luxeuil \u00bb. avec des conf\u00e9renciers venant d&rsquo;Italie, d&rsquo;Irlande, de Suisse et de France.<a title=\"Table ronde 2011\" href=\"http:\/\/www.amisaintcolomban.org\/wordpress\/table-ronde-2011\/\"> Voir l&rsquo;article<\/a><\/p>\n<h3>Dimanche 20 novembre 2011<\/h3>\n<p style=\"text-align: justify;\">F\u00eate de saint Colomban organis\u00e9e par l\u2019Unit\u00e9 pastorale de Luxeuil. 10 h 30&#160;: Messe conc\u00e9l\u00e9br\u00e9e par Monseigneur Noel Treanor, \u00e9v\u00eaque de Belfast (Irlande du Nord)<\/p>\n","protected":false},"excerpt":{"rendered":"<p>Samedi 5 et dimanche 6 mars Foire aux Livres annuelle de l&rsquo;Abbaye Saint-Colomban\u00a0\u00e0 Luxeuil Livres d&rsquo;occasions uniquement. Romans, Histoire, Musique, Histoire religieuse, encyclop\u00e9dies, Histoire de la Haute-Sa\u00f4ne et de la Franche-Comt\u00e9. Samedi 2 et dimanche 3 avril Voyage \u00a0\u00a0\u00bb \u00e0&hellip; <\/p>\n","protected":false},"author":2,"featured_media":0,"parent":0,"menu_order":0,"comment_status":"closed","ping_status":"open","template":"","meta":{"jetpack_post_was_ever_published":false},"jetpack_sharing_enabled":true,"jetpack_shortlink":"https:\/\/wp.me\/P5rJPU-ef","_links":{"self":[{"href":"https:\/\/www.amisaintcolomban.org\/wordpress\/wp-json\/wp\/v2\/pages\/883"}],"collection":[{"href":"https:\/\/www.amisaintcolomban.org\/wordpress\/wp-json\/wp\/v2\/pages"}],"about":[{"href":"https:\/\/www.amisaintcolomban.org\/wordpress\/wp-json\/wp\/v2\/types\/page"}],"author":[{"embeddable":true,"href":"https:\/\/www.amisaintcolomban.org\/wordpress\/wp-json\/wp\/v2\/users\/2"}],"replies":[{"embeddable":true,"href":"https:\/\/www.amisaintcolomban.org\/wordpress\/wp-json\/wp\/v2\/comments?post=883"}],"version-history":[{"count":4,"href":"https:\/\/www.amisaintcolomban.org\/wordpress\/wp-json\/wp\/v2\/pages\/883\/revisions"}],"predecessor-version":[{"id":4683,"href":"https:\/\/www.amisaintcolomban.org\/wordpress\/wp-json\/wp\/v2\/pages\/883\/revisions\/4683"}],"wp:attachment":[{"href":"https:\/\/www.amisaintcolomban.org\/wordpress\/wp-json\/wp\/v2\/media?parent=883"}],"curies":[{"name":"wp","href":"https:\/\/api.w.org\/{rel}","templated":true}]}}